{"id":42287,"date":"2022-08-04T11:57:24","date_gmt":"2022-08-04T08:57:24","guid":{"rendered":"https:\/\/rivercruises.lv\/?page_id=42287"},"modified":"2026-03-01T15:16:41","modified_gmt":"2026-03-01T13:16:41","slug":"rules-of-use-of-rowing-boats-and-catamarans","status":"publish","type":"page","link":"https:\/\/rivercruises.lv\/en\/rules-of-use-of-rowing-boats-and-catamarans\/","title":{"rendered":"Rules of use of rowing boats and catamarans"},"content":{"rendered":"\t\t<div data-elementor-type=\"wp-page\" data-elementor-id=\"42287\" class=\"elementor elementor-42287 elementor-42285\" data-elementor-post-type=\"page\">\n\t\t\t\t<div class=\"elementor-element elementor-element-582cb6be e-flex e-con-boxed e-con e-parent\" data-id=\"582cb6be\" data-element_type=\"container\" data-e-type=\"container\">\n\t\t\t\t\t<div class=\"e-con-inner\">\n\t\t\t\t<div class=\"elementor-element elementor-element-653ed664 elementor-widget elementor-widget-text-editor\" data-id=\"653ed664\" data-element_type=\"widget\" data-e-type=\"widget\" data-widget_type=\"text-editor.default\">\n\t\t\t\t<div class=\"elementor-widget-container\">\n\t\t\t\t\t\t\t\t\t<p style=\"text-align: center;\"><strong><img decoding=\"async\" class=\"alignnone size-thumbnail wp-image-29297\" src=\"https:\/\/rivercruises.lv\/wp-content\/uploads\/2022\/05\/cropped-New-RiverCruises-blue-BG-150x150.jpg\" alt=\"\" width=\"150\" height=\"150\" srcset=\"https:\/\/rivercruises.lv\/wp-content\/uploads\/2022\/05\/cropped-New-RiverCruises-blue-BG-150x150.jpg 150w, https:\/\/rivercruises.lv\/wp-content\/uploads\/2022\/05\/cropped-New-RiverCruises-blue-BG-300x300.jpg 300w, https:\/\/rivercruises.lv\/wp-content\/uploads\/2022\/05\/cropped-New-RiverCruises-blue-BG-100x100.jpg 100w, https:\/\/rivercruises.lv\/wp-content\/uploads\/2022\/05\/cropped-New-RiverCruises-blue-BG-270x270.jpg 270w, https:\/\/rivercruises.lv\/wp-content\/uploads\/2022\/05\/cropped-New-RiverCruises-blue-BG-192x192.jpg 192w, https:\/\/rivercruises.lv\/wp-content\/uploads\/2022\/05\/cropped-New-RiverCruises-blue-BG-180x180.jpg 180w, https:\/\/rivercruises.lv\/wp-content\/uploads\/2022\/05\/cropped-New-RiverCruises-blue-BG-32x32.jpg 32w, https:\/\/rivercruises.lv\/wp-content\/uploads\/2022\/05\/cropped-New-RiverCruises-blue-BG.jpg 512w\" sizes=\"(max-width: 150px) 100vw, 150px\" \/><\/strong><\/p><p style=\"text-align: center;\"><strong>\u201eJaun\u0101 Vecr\u012bga\u201d SABIEDR\u012aBA AR IEROBE\u017dOTU ATBILD\u012aBU<\/strong><br \/><strong style=\"font-style: inherit;\">Re\u0123. Nr. 50103633331<\/strong><br \/><strong style=\"font-style: inherit;\">Me\u017ekalnu iel\u0101 20, M\u0101rup\u0113, M\u0101rupes nov., LV-2167<\/strong><br \/><strong style=\"font-style: inherit;\">T\u0101lrunis 29896138, e-pasts <a href=\"mailto:info@rivercruises.lv\"><strong>info@rivercruises.lv<\/strong><\/a><\/strong><\/p><p style=\"text-align: center;\"><strong>AIRU LAIVAS UN KATAMAR\u0100NU LIETO\u0160ANAS NOTEIKUMI<\/strong><\/p><ol style=\"text-align: center;\"><li style=\"text-align: left;\">Vien\u0101 laiv\u0101 un katamar\u0101n\u0101 dr\u012bkst atrasties tik laivot\u0101ju, cik tas ir paredz\u0113ts laivas mode\u013ca tehniskajos parametros (laiv\u0101 var atrasties 3 pasa\u017eieri un katamar\u0101n\u0101 2-4 pasa\u017eieri atkar\u012bb\u0101 no katamar\u0101nu ietilp\u012bbas) (turpm\u0101k tekst\u0101 &#8211; peldl\u012bdzekl\u012b).<\/li><li style=\"text-align: left;\">Iek\u0101p\u0161ana peldl\u012bdzekl\u012b notiek taj\u0101 br\u012bd\u012b, kad tas ir novietota \u016bden\u012b. Iek\u0101p\u0161anas br\u012bd\u012b peldl\u012bdzeklis ir stabili j\u0101tur, lai t\u0101 ne\u0161\u016bpotos un neapg\u0101ztos.<\/li><li style=\"text-align: left;\">Peldl\u012bdzekl\u012b katrs laivot\u0101js uzturas sav\u0101 s\u0113dviet\u0101. Nedr\u012bkst celties k\u0101j\u0101s un liekties p\u0101ri peldl\u012bdzek\u013ca malai.<\/li><li style=\"text-align: left;\">Peldl\u012bdzeklim atrodoties gait\u0101, nav ieteicams \u0137erties pie kokiem vai zariem, kas atrodas up\u0113. \u0160\u0101da r\u012bc\u012bba var beigties ar laivas apg\u0101\u0161anos.<\/li><li style=\"text-align: left;\">Atrodoties Peldl\u012bdzekl\u012b uz upes, katrs pats ir atbild\u012bgs par savu dro\u0161\u012bbu un vesel\u012bbu. T\u0101pat ikviens laivot\u0101js ir atbild\u012bgs par t\u0101du savu r\u012bc\u012bbu, kas var apdraud\u0113t citu laivot\u0101ju dro\u0161\u012bbu un vesel\u012bbu.<\/li><li style=\"text-align: left;\">Vec\u0101ki, radinieki, vai aizbild\u0146i ir atbild\u012bgi par b\u0113rnu, kuri atrodas kop\u0101 ar tiem, dro\u0161\u012bbu.<\/li><li style=\"text-align: left;\">Ar peldl\u012bdzekli aizliegts iebraukt Daugav\u0101.<\/li><li style=\"text-align: left;\">Katrs laivot\u0101js pats uz\u0146emas atbild\u012bbu\u00a0par sek\u0101m, k\u0101das var\u0113tu rasties, neiev\u0113rojot augst\u0101k min\u0113tos nosac\u012bjumus<\/li><li style=\"text-align: left;\">Aizliegts lietojot peldl\u012bdzekli lietot alkoholiskos dz\u0113rienus, narkotisk\u0101s vai psihotrop\u0101s vielas.<\/li><li style=\"text-align: left;\">Par invent\u0101ra boj\u0101\u0161anu noteikta sekojo\u0161a maksa \u2013 Du\u013c\u013ci 15 eur , Airis 25 eur., katamar\u0101na korpusa boj\u0101jumi 75 eur,<\/li><li style=\"text-align: left;\">Katrs klients iznom\u0101jot peldl\u012bdzekli piekr\u012bt augst\u0101k min\u0113tajiem noteikumiem.<\/li><\/ol><p style=\"text-align: center;\">SIA \u201eJaun\u0101 Vecr\u012bga\u201d administr\u0101cija<\/p>\t\t\t\t\t\t\t\t<\/div>\n\t\t\t\t<\/div>\n\t\t\t\t\t<\/div>\n\t\t\t\t<\/div>\n\t\t\t\t<\/div>\n\t\t","protected":false},"excerpt":{"rendered":"<p>\u201eJaun\u0101 Vecr\u012bga\u201d SABIEDR\u012aBA AR IEROBE\u017dOTU ATBILD\u012aBURe\u0123. Nr. 50103633331Me\u017ekalnu iel\u0101 20, M\u0101rup\u0113, M\u0101rupes nov., LV-2167T\u0101lrunis 29896138, e-pasts info@rivercruises.lv AIRU LAIVAS UN KATAMAR\u0100NU LIETO\u0160ANAS NOTEIKUMI Vien\u0101 laiv\u0101 un katamar\u0101n\u0101 dr\u012bkst atrasties tik laivot\u0101ju, cik&hellip;<\/p>\n","protected":false},"author":1001002,"featured_media":0,"parent":0,"menu_order":0,"comment_status":"closed","ping_status":"closed","template":"","meta":{"_monsterinsights_skip_tracking":false,"_monsterinsights_sitenote_active":false,"_monsterinsights_sitenote_note":"","_monsterinsights_sitenote_category":0,"_price":"","_stock":"","_tribe_ticket_header":"","_tribe_default_ticket_provider":"Tribe__Tickets_Plus__Commerce__WooCommerce__Main","_tribe_ticket_capacity":"0","_ticket_start_date":"","_ticket_end_date":"","_tribe_ticket_show_description":"","_tribe_ticket_show_not_going":false,"_tribe_ticket_use_global_stock":"","_tribe_ticket_global_stock_level":"","_global_stock_mode":"","_global_stock_cap":"","_tribe_rsvp_for_event":"","_tribe_ticket_going_count":"","_tribe_ticket_not_going_count":"","_tribe_tickets_list":"[]","_tribe_ticket_has_attendee_info_fields":false,"footnotes":"","_tec_slr_enabled":"","_tec_slr_layout":""},"class_list":["post-42287","page","type-page","status-publish","hentry"],"yoast_head":"<!-- This site is optimized with the Yoast SEO Premium plugin v27.3 (Yoast SEO v27.3) - https:\/\/yoast.com\/product\/yoast-seo-premium-wordpress\/ -->\n<title>Rules of use of rowing boats and catamarans - River Cruises Latvia<\/title>\n<meta name=\"robots\" content=\"index, follow, max-snippet:-1, max-image-preview:large, max-video-preview:-1\" \/>\n<link rel=\"canonical\" href=\"https:\/\/rivercruises.lv\/en\/rules-of-use-of-rowing-boats-and-catamarans\/\" \/>\n<meta property=\"og:locale\" content=\"en_US\" \/>\n<meta property=\"og:type\" content=\"article\" \/>\n<meta property=\"og:title\" content=\"Rules of use of rowing boats and catamarans\" \/>\n<meta property=\"og:description\" content=\"\u201eJaun\u0101 Vecr\u012bga\u201d SABIEDR\u012aBA AR IEROBE\u017dOTU ATBILD\u012aBURe\u0123. Nr. 50103633331Me\u017ekalnu iel\u0101 20, M\u0101rup\u0113, M\u0101rupes nov., LV-2167T\u0101lrunis 29896138, e-pasts info@rivercruises.lv AIRU LAIVAS UN KATAMAR\u0100NU LIETO\u0160ANAS NOTEIKUMI Vien\u0101 laiv\u0101 un katamar\u0101n\u0101 dr\u012bkst atrasties tik laivot\u0101ju, cik&hellip;\" \/>\n<meta property=\"og:url\" content=\"https:\/\/rivercruises.lv\/en\/rules-of-use-of-rowing-boats-and-catamarans\/\" \/>\n<meta property=\"og:site_name\" content=\"River Cruises Latvia\" \/>\n<meta property=\"article:publisher\" content=\"https:\/\/www.facebook.com\/RiverCruisesLatvia\" \/>\n<meta property=\"article:modified_time\" content=\"2026-03-01T13:16:41+00:00\" \/>\n<meta property=\"og:image\" content=\"https:\/\/rivercruises.lv\/wp-content\/uploads\/2022\/05\/cropped-New-RiverCruises-blue-BG.jpg\" \/>\n\t<meta property=\"og:image:width\" content=\"512\" \/>\n\t<meta property=\"og:image:height\" content=\"512\" \/>\n\t<meta property=\"og:image:type\" content=\"image\/jpeg\" \/>\n<meta name=\"twitter:card\" content=\"summary_large_image\" \/>\n<meta name=\"twitter:site\" content=\"@RiverCruisesLV\" \/>\n<meta name=\"twitter:label1\" content=\"Est. reading time\" \/>\n\t<meta name=\"twitter:data1\" content=\"2 minutes\" \/>\n<script type=\"application\/ld+json\" class=\"yoast-schema-graph\">{\"@context\":\"https:\\\/\\\/schema.org\",\"@graph\":[{\"@type\":\"WebPage\",\"@id\":\"https:\\\/\\\/rivercruises.lv\\\/en\\\/rules-of-use-of-rowing-boats-and-catamarans\\\/\",\"url\":\"https:\\\/\\\/rivercruises.lv\\\/en\\\/rules-of-use-of-rowing-boats-and-catamarans\\\/\",\"name\":\"Rules of use of rowing boats and catamarans - River Cruises Latvia\",\"isPartOf\":{\"@id\":\"https:\\\/\\\/rivercruises.lv\\\/#website\"},\"primaryImageOfPage\":{\"@id\":\"https:\\\/\\\/rivercruises.lv\\\/en\\\/rules-of-use-of-rowing-boats-and-catamarans\\\/#primaryimage\"},\"image\":{\"@id\":\"https:\\\/\\\/rivercruises.lv\\\/en\\\/rules-of-use-of-rowing-boats-and-catamarans\\\/#primaryimage\"},\"thumbnailUrl\":\"https:\\\/\\\/rivercruises.lv\\\/wp-content\\\/uploads\\\/2022\\\/05\\\/cropped-New-RiverCruises-blue-BG-150x150.jpg\",\"datePublished\":\"2022-08-04T08:57:24+00:00\",\"dateModified\":\"2026-03-01T13:16:41+00:00\",\"breadcrumb\":{\"@id\":\"https:\\\/\\\/rivercruises.lv\\\/en\\\/rules-of-use-of-rowing-boats-and-catamarans\\\/#breadcrumb\"},\"inLanguage\":\"en-US\",\"potentialAction\":[{\"@type\":\"ReadAction\",\"target\":[\"https:\\\/\\\/rivercruises.lv\\\/en\\\/rules-of-use-of-rowing-boats-and-catamarans\\\/\"]}]},{\"@type\":\"ImageObject\",\"inLanguage\":\"en-US\",\"@id\":\"https:\\\/\\\/rivercruises.lv\\\/en\\\/rules-of-use-of-rowing-boats-and-catamarans\\\/#primaryimage\",\"url\":\"https:\\\/\\\/rivercruises.lv\\\/wp-content\\\/uploads\\\/2022\\\/05\\\/cropped-New-RiverCruises-blue-BG-150x150.jpg\",\"contentUrl\":\"https:\\\/\\\/rivercruises.lv\\\/wp-content\\\/uploads\\\/2022\\\/05\\\/cropped-New-RiverCruises-blue-BG-150x150.jpg\"},{\"@type\":\"BreadcrumbList\",\"@id\":\"https:\\\/\\\/rivercruises.lv\\\/en\\\/rules-of-use-of-rowing-boats-and-catamarans\\\/#breadcrumb\",\"itemListElement\":[{\"@type\":\"ListItem\",\"position\":1,\"name\":\"Home\",\"item\":\"https:\\\/\\\/rivercruises.lv\\\/\"},{\"@type\":\"ListItem\",\"position\":2,\"name\":\"Rules of use of rowing boats and catamarans\"}]},{\"@type\":\"WebSite\",\"@id\":\"https:\\\/\\\/rivercruises.lv\\\/#website\",\"url\":\"https:\\\/\\\/rivercruises.lv\\\/\",\"name\":\"River Cruises Latvia\",\"description\":\"Ku\u0123\u012b\u0161i pa Daugavu, J\u016brmalu, Me\u017eaparku un R\u012bgas pils\u0113tas Kan\u0101lu\",\"publisher\":{\"@id\":\"https:\\\/\\\/rivercruises.lv\\\/#organization\"},\"potentialAction\":[{\"@type\":\"SearchAction\",\"target\":{\"@type\":\"EntryPoint\",\"urlTemplate\":\"https:\\\/\\\/rivercruises.lv\\\/?s={search_term_string}\"},\"query-input\":{\"@type\":\"PropertyValueSpecification\",\"valueRequired\":true,\"valueName\":\"search_term_string\"}}],\"inLanguage\":\"en-US\"},{\"@type\":\"Organization\",\"@id\":\"https:\\\/\\\/rivercruises.lv\\\/#organization\",\"name\":\"SIA \\\"Jaun\u0101 Vecr\u012bga\\\"\",\"alternateName\":\"River Cruises Latvia\",\"url\":\"https:\\\/\\\/rivercruises.lv\\\/\",\"logo\":{\"@type\":\"ImageObject\",\"inLanguage\":\"en-US\",\"@id\":\"https:\\\/\\\/rivercruises.lv\\\/#\\\/schema\\\/logo\\\/image\\\/\",\"url\":\"https:\\\/\\\/rivercruises.lv\\\/wp-content\\\/uploads\\\/2025\\\/04\\\/New-RiverCruises-white-BG-1.jpg\",\"contentUrl\":\"https:\\\/\\\/rivercruises.lv\\\/wp-content\\\/uploads\\\/2025\\\/04\\\/New-RiverCruises-white-BG-1.jpg\",\"width\":850,\"height\":850,\"caption\":\"SIA \\\"Jaun\u0101 Vecr\u012bga\\\"\"},\"image\":{\"@id\":\"https:\\\/\\\/rivercruises.lv\\\/#\\\/schema\\\/logo\\\/image\\\/\"},\"sameAs\":[\"https:\\\/\\\/www.facebook.com\\\/RiverCruisesLatvia\",\"https:\\\/\\\/x.com\\\/RiverCruisesLV\",\"http:\\\/\\\/rivercruises.lv\\\/\",\"https:\\\/\\\/www.instagram.com\\\/rivercruises_latvia\\\/\",\"https:\\\/\\\/www.youtube.com\\\/channel\\\/UCr_CMDNcQ8tSAoDFwEt_HFA\"],\"description\":\"Boat trips in Riga and J\u016brmala\",\"email\":\"Jaunavecriga@knutstyle.lv\",\"telephone\":\"+371 29896138\",\"legalName\":\"SIA \\\"Jaun\u0101 Vecr\u012bga\\\"\",\"vatID\":\"LV50103633331\"}]}<\/script>\n<!-- \/ Yoast SEO Premium plugin. -->","yoast_head_json":{"title":"Rules of use of rowing boats and catamarans - River Cruises Latvia","robots":{"index":"index","follow":"follow","max-snippet":"max-snippet:-1","max-image-preview":"max-image-preview:large","max-video-preview":"max-video-preview:-1"},"canonical":"https:\/\/rivercruises.lv\/en\/rules-of-use-of-rowing-boats-and-catamarans\/","og_locale":"en_US","og_type":"article","og_title":"Rules of use of rowing boats and catamarans","og_description":"\u201eJaun\u0101 Vecr\u012bga\u201d SABIEDR\u012aBA AR IEROBE\u017dOTU ATBILD\u012aBURe\u0123. Nr. 50103633331Me\u017ekalnu iel\u0101 20, M\u0101rup\u0113, M\u0101rupes nov., LV-2167T\u0101lrunis 29896138, e-pasts info@rivercruises.lv AIRU LAIVAS UN KATAMAR\u0100NU LIETO\u0160ANAS NOTEIKUMI Vien\u0101 laiv\u0101 un katamar\u0101n\u0101 dr\u012bkst atrasties tik laivot\u0101ju, cik&hellip;","og_url":"https:\/\/rivercruises.lv\/en\/rules-of-use-of-rowing-boats-and-catamarans\/","og_site_name":"River Cruises Latvia","article_publisher":"https:\/\/www.facebook.com\/RiverCruisesLatvia","article_modified_time":"2026-03-01T13:16:41+00:00","og_image":[{"width":512,"height":512,"url":"https:\/\/rivercruises.lv\/wp-content\/uploads\/2022\/05\/cropped-New-RiverCruises-blue-BG.jpg","type":"image\/jpeg"}],"twitter_card":"summary_large_image","twitter_site":"@RiverCruisesLV","twitter_misc":{"Est. reading time":"2 minutes"},"schema":{"@context":"https:\/\/schema.org","@graph":[{"@type":"WebPage","@id":"https:\/\/rivercruises.lv\/en\/rules-of-use-of-rowing-boats-and-catamarans\/","url":"https:\/\/rivercruises.lv\/en\/rules-of-use-of-rowing-boats-and-catamarans\/","name":"Rules of use of rowing boats and catamarans - River Cruises Latvia","isPartOf":{"@id":"https:\/\/rivercruises.lv\/#website"},"primaryImageOfPage":{"@id":"https:\/\/rivercruises.lv\/en\/rules-of-use-of-rowing-boats-and-catamarans\/#primaryimage"},"image":{"@id":"https:\/\/rivercruises.lv\/en\/rules-of-use-of-rowing-boats-and-catamarans\/#primaryimage"},"thumbnailUrl":"https:\/\/rivercruises.lv\/wp-content\/uploads\/2022\/05\/cropped-New-RiverCruises-blue-BG-150x150.jpg","datePublished":"2022-08-04T08:57:24+00:00","dateModified":"2026-03-01T13:16:41+00:00","breadcrumb":{"@id":"https:\/\/rivercruises.lv\/en\/rules-of-use-of-rowing-boats-and-catamarans\/#breadcrumb"},"inLanguage":"en-US","potentialAction":[{"@type":"ReadAction","target":["https:\/\/rivercruises.lv\/en\/rules-of-use-of-rowing-boats-and-catamarans\/"]}]},{"@type":"ImageObject","inLanguage":"en-US","@id":"https:\/\/rivercruises.lv\/en\/rules-of-use-of-rowing-boats-and-catamarans\/#primaryimage","url":"https:\/\/rivercruises.lv\/wp-content\/uploads\/2022\/05\/cropped-New-RiverCruises-blue-BG-150x150.jpg","contentUrl":"https:\/\/rivercruises.lv\/wp-content\/uploads\/2022\/05\/cropped-New-RiverCruises-blue-BG-150x150.jpg"},{"@type":"BreadcrumbList","@id":"https:\/\/rivercruises.lv\/en\/rules-of-use-of-rowing-boats-and-catamarans\/#breadcrumb","itemListElement":[{"@type":"ListItem","position":1,"name":"Home","item":"https:\/\/rivercruises.lv\/"},{"@type":"ListItem","position":2,"name":"Rules of use of rowing boats and catamarans"}]},{"@type":"WebSite","@id":"https:\/\/rivercruises.lv\/#website","url":"https:\/\/rivercruises.lv\/","name":"River Cruises Latvia","description":"Ku\u0123\u012b\u0161i pa Daugavu, J\u016brmalu, Me\u017eaparku un R\u012bgas pils\u0113tas Kan\u0101lu","publisher":{"@id":"https:\/\/rivercruises.lv\/#organization"},"potentialAction":[{"@type":"SearchAction","target":{"@type":"EntryPoint","urlTemplate":"https:\/\/rivercruises.lv\/?s={search_term_string}"},"query-input":{"@type":"PropertyValueSpecification","valueRequired":true,"valueName":"search_term_string"}}],"inLanguage":"en-US"},{"@type":"Organization","@id":"https:\/\/rivercruises.lv\/#organization","name":"SIA \"Jaun\u0101 Vecr\u012bga\"","alternateName":"River Cruises Latvia","url":"https:\/\/rivercruises.lv\/","logo":{"@type":"ImageObject","inLanguage":"en-US","@id":"https:\/\/rivercruises.lv\/#\/schema\/logo\/image\/","url":"https:\/\/rivercruises.lv\/wp-content\/uploads\/2025\/04\/New-RiverCruises-white-BG-1.jpg","contentUrl":"https:\/\/rivercruises.lv\/wp-content\/uploads\/2025\/04\/New-RiverCruises-white-BG-1.jpg","width":850,"height":850,"caption":"SIA \"Jaun\u0101 Vecr\u012bga\""},"image":{"@id":"https:\/\/rivercruises.lv\/#\/schema\/logo\/image\/"},"sameAs":["https:\/\/www.facebook.com\/RiverCruisesLatvia","https:\/\/x.com\/RiverCruisesLV","http:\/\/rivercruises.lv\/","https:\/\/www.instagram.com\/rivercruises_latvia\/","https:\/\/www.youtube.com\/channel\/UCr_CMDNcQ8tSAoDFwEt_HFA"],"description":"Boat trips in Riga and J\u016brmala","email":"Jaunavecriga@knutstyle.lv","telephone":"+371 29896138","legalName":"SIA \"Jaun\u0101 Vecr\u012bga\"","vatID":"LV50103633331"}]}},"ticketed":false,"_links":{"self":[{"href":"https:\/\/rivercruises.lv\/en\/wp-json\/wp\/v2\/pages\/42287","targetHints":{"allow":["GET"]}}],"collection":[{"href":"https:\/\/rivercruises.lv\/en\/wp-json\/wp\/v2\/pages"}],"about":[{"href":"https:\/\/rivercruises.lv\/en\/wp-json\/wp\/v2\/types\/page"}],"author":[{"embeddable":true,"href":"https:\/\/rivercruises.lv\/en\/wp-json\/wp\/v2\/users\/1001002"}],"replies":[{"embeddable":true,"href":"https:\/\/rivercruises.lv\/en\/wp-json\/wp\/v2\/comments?post=42287"}],"version-history":[{"count":3,"href":"https:\/\/rivercruises.lv\/en\/wp-json\/wp\/v2\/pages\/42287\/revisions"}],"predecessor-version":[{"id":117403,"href":"https:\/\/rivercruises.lv\/en\/wp-json\/wp\/v2\/pages\/42287\/revisions\/117403"}],"wp:attachment":[{"href":"https:\/\/rivercruises.lv\/en\/wp-json\/wp\/v2\/media?parent=42287"}],"curies":[{"name":"wp","href":"https:\/\/api.w.org\/{rel}","templated":true}]}}