{"id":4962,"date":"2020-07-01T21:48:39","date_gmt":"2020-07-01T21:48:39","guid":{"rendered":"https:\/\/rivercruises.lv\/?page_id=4962"},"modified":"2026-04-20T16:39:37","modified_gmt":"2026-04-20T13:39:37","slug":"canal-boats-amber-riga-aurora-arabella-annabella","status":"publish","type":"page","link":"https:\/\/rivercruises.lv\/en\/canal-boats-amber-riga-aurora-arabella-annabella\/","title":{"rendered":"Canal Boats \u201cAMBER R\u012aGA\u201d , \u201cAURORA\u201d, \u201cARABELLA\u201d , \u201cANNABELLA\u201d"},"content":{"rendered":"\t\t<div data-elementor-type=\"wp-page\" data-elementor-id=\"4962\" class=\"elementor elementor-4962 elementor-4896\" data-elementor-post-type=\"page\">\n\t\t\t\t<div class=\"elementor-element elementor-element-9b5fbcd e-flex e-con-boxed e-con e-parent\" data-id=\"9b5fbcd\" data-element_type=\"container\" data-e-type=\"container\">\n\t\t\t\t\t<div class=\"e-con-inner\">\n\t\t<div class=\"elementor-element elementor-element-6d008abd e-con-full e-flex e-con e-child\" data-id=\"6d008abd\" data-element_type=\"container\" data-e-type=\"container\">\n\t\t\t\t<div class=\"elementor-element elementor-element-63b485c4 elementor-align-justify elementor-widget elementor-widget-button\" data-id=\"63b485c4\" data-element_type=\"widget\" data-e-type=\"widget\" data-widget_type=\"button.default\">\n\t\t\t\t<div class=\"elementor-widget-container\">\n\t\t\t\t\t\t\t\t\t<div class=\"elementor-button-wrapper\">\n\t\t\t\t\t<a class=\"elementor-button elementor-button-link elementor-size-sm\" href=\"https:\/\/goo.gl\/maps\/RPurMG6cipEY2tbK7\" target=\"_blank\">\n\t\t\t\t\t\t<span class=\"elementor-button-content-wrapper\">\n\t\t\t\t\t\t\t\t\t<span class=\"elementor-button-text\">Red Pier: Riga Canal, Radio Street 1<\/span>\n\t\t\t\t\t<\/span>\n\t\t\t\t\t<\/a>\n\t\t\t\t<\/div>\n\t\t\t\t\t\t\t\t<\/div>\n\t\t\t\t<\/div>\n\t\t\t\t<\/div>\n\t\t<div class=\"elementor-element elementor-element-74edec43 e-con-full e-flex e-con e-child\" data-id=\"74edec43\" data-element_type=\"container\" data-e-type=\"container\">\n\t\t\t\t<div class=\"elementor-element elementor-element-4801c0ae elementor-align-justify elementor-widget elementor-widget-button\" data-id=\"4801c0ae\" data-element_type=\"widget\" data-e-type=\"widget\" data-widget_type=\"button.default\">\n\t\t\t\t<div class=\"elementor-widget-container\">\n\t\t\t\t\t\t\t\t\t<div class=\"elementor-button-wrapper\">\n\t\t\t\t\t<a class=\"elementor-button elementor-button-link elementor-size-sm\" href=\"\/\">\n\t\t\t\t\t\t<span class=\"elementor-button-content-wrapper\">\n\t\t\t\t\t\t\t\t\t<span class=\"elementor-button-text\">Season 20.05.2026-30.10.2026<\/span>\n\t\t\t\t\t<\/span>\n\t\t\t\t\t<\/a>\n\t\t\t\t<\/div>\n\t\t\t\t\t\t\t\t<\/div>\n\t\t\t\t<\/div>\n\t\t\t\t<\/div>\n\t\t<div class=\"elementor-element elementor-element-4df8491e e-con-full e-flex e-con e-child\" data-id=\"4df8491e\" data-element_type=\"container\" data-e-type=\"container\">\n\t\t\t\t<div class=\"elementor-element elementor-element-248815b9 elementor-align-justify elementor-widget elementor-widget-button\" data-id=\"248815b9\" data-element_type=\"widget\" data-e-type=\"widget\" data-widget_type=\"button.default\">\n\t\t\t\t<div class=\"elementor-widget-container\">\n\t\t\t\t\t\t\t\t\t<div class=\"elementor-button-wrapper\">\n\t\t\t\t\t<a class=\"elementor-button elementor-size-sm\" role=\"button\">\n\t\t\t\t\t\t<span class=\"elementor-button-content-wrapper\">\n\t\t\t\t\t\t\t\t\t<span class=\"elementor-button-text\">Present your ticket by phone!<\/span>\n\t\t\t\t\t<\/span>\n\t\t\t\t\t<\/a>\n\t\t\t\t<\/div>\n\t\t\t\t\t\t\t\t<\/div>\n\t\t\t\t<\/div>\n\t\t\t\t<\/div>\n\t\t\t\t\t<\/div>\n\t\t\t\t<\/div>\n\t\t<div class=\"elementor-element elementor-element-4daf1eec e-flex e-con-boxed e-con e-parent\" data-id=\"4daf1eec\" data-element_type=\"container\" data-e-type=\"container\">\n\t\t\t\t\t<div class=\"e-con-inner\">\n\t\t\t\t<div class=\"elementor-element elementor-element-77d753c5 elementor-widget elementor-widget-text-editor\" data-id=\"77d753c5\" data-element_type=\"widget\" data-e-type=\"widget\" data-widget_type=\"text-editor.default\">\n\t\t\t\t<div class=\"elementor-widget-container\">\n\t\t\t\t\t\t\t\t\t<div class=\"flex flex-col text-sm pb-25\"><article class=\"text-token-text-primary w-full focus:outline-none [--shadow-height:45px] has-data-writing-block:pointer-events-none has-data-writing-block:-mt-(--shadow-height) has-data-writing-block:pt-(--shadow-height) [&amp;:has([data-writing-block])&gt;*]:pointer-events-auto scroll-mt-[calc(var(--header-height)+min(200px,max(70px,20svh)))]\" dir=\"auto\" tabindex=\"-1\" data-turn-id=\"request-WEB:d9ed4ed7-58d6-4085-a860-8789bee30a50-4\" data-testid=\"conversation-turn-10\" data-scroll-anchor=\"true\" data-turn=\"assistant\"><div class=\"text-base my-auto mx-auto pb-10 [--thread-content-margin:--spacing(4)] @w-sm\/main:[--thread-content-margin:--spacing(6)] @w-lg\/main:[--thread-content-margin:--spacing(16)] px-(--thread-content-margin)\"><div class=\"[--thread-content-max-width:40rem] @w-lg\/main:[--thread-content-max-width:48rem] mx-auto max-w-(--thread-content-max-width) flex-1 group\/turn-messages focus-visible:outline-hidden relative flex w-full min-w-0 flex-col agent-turn\" tabindex=\"-1\"><div class=\"flex max-w-full flex-col grow\"><div class=\"min-h-8 text-message relative flex w-full flex-col items-end gap-2 text-start break-words whitespace-normal [.text-message+&amp;]:mt-1\" dir=\"auto\" data-message-author-role=\"assistant\" data-message-id=\"8120541b-8780-4ae5-ae3b-211aec83f4f9\" data-message-model-slug=\"gpt-5-2-thinking\"><div class=\"flex w-full flex-col gap-1 empty:hidden first:pt-[1px]\"><div class=\"markdown prose dark:prose-invert w-full wrap-break-word light markdown-new-styling\"><p data-start=\"0\" data-end=\"42\" data-is-last-node=\"\" data-is-only-node=\"\"><span style=\"color: #000000;\"><strong data-start=\"0\" data-end=\"42\" data-is-last-node=\"\" data-is-only-node=\"\">Ticket is valid for the entire season<\/strong><strong style=\"font-size: 1rem; letter-spacing: -0.18px;\" data-start=\"180\" data-end=\"211\">!<\/strong><\/span><\/p><\/div><\/div><\/div><\/div><\/div><\/div><\/article><\/div><p><span style=\"color: #000000;\">You must arrive 20 minutes before departure!<\/span><\/p>\t\t\t\t\t\t\t\t<\/div>\n\t\t\t\t<\/div>\n\t\t\t\t\t<\/div>\n\t\t\t\t<\/div>\n\t\t\t\t<\/div>\n\t\t","protected":false},"excerpt":{"rendered":"<p>Red Pier: Riga Canal, Radio Street 1 Season 20.05.2026-30.10.2026 Present your ticket by phone! Ticket is valid for the entire season! You must arrive 20 minutes before departure!<\/p>\n","protected":false},"author":1001002,"featured_media":5103,"parent":0,"menu_order":0,"comment_status":"closed","ping_status":"closed","template":"","meta":{"_monsterinsights_skip_tracking":false,"_monsterinsights_sitenote_active":false,"_monsterinsights_sitenote_note":"","_monsterinsights_sitenote_category":0,"_price":"","_stock":"","_tribe_ticket_header":"","_tribe_default_ticket_provider":"Tribe__Tickets_Plus__Commerce__WooCommerce__Main","_tribe_ticket_capacity":"0","_ticket_start_date":"","_ticket_end_date":"","_tribe_ticket_show_description":"","_tribe_ticket_show_not_going":false,"_tribe_ticket_use_global_stock":"","_tribe_ticket_global_stock_level":"","_global_stock_mode":"","_global_stock_cap":"","_tribe_rsvp_for_event":"","_tribe_ticket_going_count":"","_tribe_ticket_not_going_count":"","_tribe_tickets_list":"[{\"id\":4964,\"type\":\"default\",\"title\":\"\\u201eRiga scenery voyage\\u201d ~50 min (Adults)\",\"description\":\"\",\"capacityType\":\"unlimited\",\"price\":12,\"capacity\":\"\",\"available\":-1,\"sharedCapacity\":\"\",\"sold\":6645,\"shareSold\":6645,\"isShared\":true,\"currencyDecimalPoint\":\".\",\"currencyNumberOfDecimals\":2,\"currencyPosition\":\"prefix\",\"currencySymbol\":\"$\",\"currencyThousandsSep\":\",\"},{\"id\":4966,\"type\":\"default\",\"title\":\"Children from 6 to 9 years of age - Riga scenery voyage ~50 min\",\"description\":\"\",\"capacityType\":\"unlimited\",\"price\":6.4,\"capacity\":\"\",\"available\":-1,\"sharedCapacity\":\"\",\"sold\":341,\"shareSold\":341,\"isShared\":true,\"currencyDecimalPoint\":\".\",\"currencyNumberOfDecimals\":2,\"currencyPosition\":\"prefix\",\"currencySymbol\":\"$\",\"currencyThousandsSep\":\",\"},{\"id\":104205,\"type\":\"default\",\"title\":\"With a disability card ~50 min\",\"description\":\"\",\"capacityType\":\"unlimited\",\"price\":10,\"capacity\":\"\",\"available\":-1,\"sharedCapacity\":\"\",\"sold\":2,\"shareSold\":2,\"isShared\":true,\"currencyDecimalPoint\":\".\",\"currencyNumberOfDecimals\":2,\"currencyPosition\":\"prefix\",\"currencySymbol\":\"$\",\"currencyThousandsSep\":\",\"},{\"id\":4965,\"type\":\"default\",\"title\":\"Presenting an ISIC card ~50 min\",\"description\":\"\",\"capacityType\":\"unlimited\",\"price\":10,\"capacity\":\"\",\"available\":-1,\"sharedCapacity\":\"\",\"sold\":363,\"shareSold\":363,\"isShared\":true,\"currencyDecimalPoint\":\".\",\"currencyNumberOfDecimals\":2,\"currencyPosition\":\"prefix\",\"currencySymbol\":\"$\",\"currencyThousandsSep\":\",\"}]","_tribe_ticket_has_attendee_info_fields":false,"footnotes":"","_tec_slr_enabled":"","_tec_slr_layout":""},"class_list":["post-4962","page","type-page","status-publish","has-post-thumbnail","hentry"],"yoast_head":"<!-- This site is optimized with the Yoast SEO Premium plugin v27.4 (Yoast SEO v27.4) - https:\/\/yoast.com\/product\/yoast-seo-premium-wordpress\/ -->\n<title>Canal Boat Ticekts | River Cruises Latvia<\/title>\n<meta name=\"description\" content=\"River Cruises Latvia offers scenic boat trips on the Daugava River and Riga City Canal to Me\u017eaparks and J\u016brmala. Enjoy R\u012bga!\" \/>\n<meta name=\"robots\" content=\"index, follow, max-snippet:-1, max-image-preview:large, max-video-preview:-1\" \/>\n<link rel=\"canonical\" href=\"https:\/\/rivercruises.lv\/kanala-kugisi-amber-riga-aurora-arabella-annabella\/\" \/>\n<meta property=\"og:locale\" content=\"en_US\" \/>\n<meta property=\"og:type\" content=\"article\" \/>\n<meta property=\"og:title\" content=\"Canal Boat Ticekts | River Cruises Latvia\" \/>\n<meta property=\"og:description\" content=\"River Cruises Latvia offers scenic boat trips on the Daugava River and Riga City Canal to Me\u017eaparks and J\u016brmala. Enjoy R\u012bga!\" \/>\n<meta property=\"og:url\" content=\"https:\/\/rivercruises.lv\/kanala-kugisi-amber-riga-aurora-arabella-annabella\/\" \/>\n<meta property=\"og:site_name\" content=\"River Cruises Latvia\" \/>\n<meta property=\"article:publisher\" content=\"https:\/\/www.facebook.com\/RiverCruisesLatvia\" \/>\n<meta property=\"article:modified_time\" content=\"2026-04-20T13:39:37+00:00\" \/>\n<meta property=\"og:image\" content=\"https:\/\/rivercruises.lv\/wp-content\/uploads\/2020\/07\/Cover-photo-canal-eng.jpg\" \/>\n\t<meta property=\"og:image:width\" content=\"700\" \/>\n\t<meta property=\"og:image:height\" content=\"700\" \/>\n\t<meta property=\"og:image:type\" content=\"image\/jpeg\" \/>\n<meta name=\"twitter:card\" content=\"summary_large_image\" \/>\n<meta name=\"twitter:title\" content=\"Canal Boats \u201cAMBER R\u012aGA\u201d , \u201cAURORA\u201d, \u201cARABELLA\u201d , \u201cANNABELLA\u201d\" \/>\n<meta name=\"twitter:site\" content=\"@RiverCruisesLV\" \/>\n<meta name=\"twitter:label1\" content=\"Est. reading time\" \/>\n\t<meta name=\"twitter:data1\" content=\"1 minute\" \/>\n<script type=\"application\/ld+json\" class=\"yoast-schema-graph\">{\"@context\":\"https:\\\/\\\/schema.org\",\"@graph\":[{\"@type\":\"WebPage\",\"@id\":\"https:\\\/\\\/rivercruises.lv\\\/kanala-kugisi-amber-riga-aurora-arabella-annabella\\\/\",\"url\":\"https:\\\/\\\/rivercruises.lv\\\/kanala-kugisi-amber-riga-aurora-arabella-annabella\\\/\",\"name\":\"Canal Boat Ticekts | River Cruises Latvia\",\"isPartOf\":{\"@id\":\"https:\\\/\\\/rivercruises.lv\\\/#website\"},\"primaryImageOfPage\":{\"@id\":\"https:\\\/\\\/rivercruises.lv\\\/kanala-kugisi-amber-riga-aurora-arabella-annabella\\\/#primaryimage\"},\"image\":{\"@id\":\"https:\\\/\\\/rivercruises.lv\\\/kanala-kugisi-amber-riga-aurora-arabella-annabella\\\/#primaryimage\"},\"thumbnailUrl\":\"https:\\\/\\\/rivercruises.lv\\\/wp-content\\\/uploads\\\/2020\\\/07\\\/Cover-photo-canal-eng.jpg\",\"datePublished\":\"2020-07-01T21:48:39+00:00\",\"dateModified\":\"2026-04-20T13:39:37+00:00\",\"description\":\"River Cruises Latvia offers scenic boat trips on the Daugava River and Riga City Canal to Me\u017eaparks and J\u016brmala. Enjoy R\u012bga!\",\"breadcrumb\":{\"@id\":\"https:\\\/\\\/rivercruises.lv\\\/kanala-kugisi-amber-riga-aurora-arabella-annabella\\\/#breadcrumb\"},\"inLanguage\":\"en-US\",\"potentialAction\":[{\"@type\":\"ReadAction\",\"target\":[\"https:\\\/\\\/rivercruises.lv\\\/kanala-kugisi-amber-riga-aurora-arabella-annabella\\\/\"]}]},{\"@type\":\"ImageObject\",\"inLanguage\":\"en-US\",\"@id\":\"https:\\\/\\\/rivercruises.lv\\\/kanala-kugisi-amber-riga-aurora-arabella-annabella\\\/#primaryimage\",\"url\":\"https:\\\/\\\/rivercruises.lv\\\/wp-content\\\/uploads\\\/2020\\\/07\\\/Cover-photo-canal-eng.jpg\",\"contentUrl\":\"https:\\\/\\\/rivercruises.lv\\\/wp-content\\\/uploads\\\/2020\\\/07\\\/Cover-photo-canal-eng.jpg\",\"width\":700,\"height\":700,\"caption\":\"Canal boats in Riga - River Cruises Latvia\"},{\"@type\":\"BreadcrumbList\",\"@id\":\"https:\\\/\\\/rivercruises.lv\\\/kanala-kugisi-amber-riga-aurora-arabella-annabella\\\/#breadcrumb\",\"itemListElement\":[{\"@type\":\"ListItem\",\"position\":1,\"name\":\"Home\",\"item\":\"https:\\\/\\\/rivercruises.lv\\\/\"},{\"@type\":\"ListItem\",\"position\":2,\"name\":\"Canal Boats \u201cAMBER R\u012aGA\u201d , \u201cAURORA\u201d, \u201cARABELLA\u201d , \u201cANNABELLA\u201d\"}]},{\"@type\":\"WebSite\",\"@id\":\"https:\\\/\\\/rivercruises.lv\\\/#website\",\"url\":\"https:\\\/\\\/rivercruises.lv\\\/\",\"name\":\"River Cruises Latvia\",\"description\":\"Ku\u0123\u012b\u0161i pa Daugavu, J\u016brmalu, Me\u017eaparku un R\u012bgas pils\u0113tas Kan\u0101lu\",\"publisher\":{\"@id\":\"https:\\\/\\\/rivercruises.lv\\\/#organization\"},\"potentialAction\":[{\"@type\":\"SearchAction\",\"target\":{\"@type\":\"EntryPoint\",\"urlTemplate\":\"https:\\\/\\\/rivercruises.lv\\\/?s={search_term_string}\"},\"query-input\":{\"@type\":\"PropertyValueSpecification\",\"valueRequired\":true,\"valueName\":\"search_term_string\"}}],\"inLanguage\":\"en-US\"},{\"@type\":\"Organization\",\"@id\":\"https:\\\/\\\/rivercruises.lv\\\/#organization\",\"name\":\"SIA \\\"Jaun\u0101 Vecr\u012bga\\\"\",\"alternateName\":\"River Cruises Latvia\",\"url\":\"https:\\\/\\\/rivercruises.lv\\\/\",\"logo\":{\"@type\":\"ImageObject\",\"inLanguage\":\"en-US\",\"@id\":\"https:\\\/\\\/rivercruises.lv\\\/#\\\/schema\\\/logo\\\/image\\\/\",\"url\":\"https:\\\/\\\/rivercruises.lv\\\/wp-content\\\/uploads\\\/2025\\\/04\\\/New-RiverCruises-white-BG-1.jpg\",\"contentUrl\":\"https:\\\/\\\/rivercruises.lv\\\/wp-content\\\/uploads\\\/2025\\\/04\\\/New-RiverCruises-white-BG-1.jpg\",\"width\":850,\"height\":850,\"caption\":\"SIA \\\"Jaun\u0101 Vecr\u012bga\\\"\"},\"image\":{\"@id\":\"https:\\\/\\\/rivercruises.lv\\\/#\\\/schema\\\/logo\\\/image\\\/\"},\"sameAs\":[\"https:\\\/\\\/www.facebook.com\\\/RiverCruisesLatvia\",\"https:\\\/\\\/x.com\\\/RiverCruisesLV\",\"http:\\\/\\\/rivercruises.lv\\\/\",\"https:\\\/\\\/www.instagram.com\\\/rivercruises_latvia\\\/\",\"https:\\\/\\\/www.youtube.com\\\/channel\\\/UCr_CMDNcQ8tSAoDFwEt_HFA\"],\"description\":\"Boat trips in Riga and J\u016brmala\",\"email\":\"Jaunavecriga@knutstyle.lv\",\"telephone\":\"+371 29896138\",\"legalName\":\"SIA \\\"Jaun\u0101 Vecr\u012bga\\\"\",\"vatID\":\"LV50103633331\"}]}<\/script>\n<!-- \/ Yoast SEO Premium plugin. -->","yoast_head_json":{"title":"Canal Boat Ticekts | River Cruises Latvia","description":"River Cruises Latvia offers scenic boat trips on the Daugava River and Riga City Canal to Me\u017eaparks and J\u016brmala. Enjoy R\u012bga!","robots":{"index":"index","follow":"follow","max-snippet":"max-snippet:-1","max-image-preview":"max-image-preview:large","max-video-preview":"max-video-preview:-1"},"canonical":"https:\/\/rivercruises.lv\/kanala-kugisi-amber-riga-aurora-arabella-annabella\/","og_locale":"en_US","og_type":"article","og_title":"Canal Boat Ticekts | River Cruises Latvia","og_description":"River Cruises Latvia offers scenic boat trips on the Daugava River and Riga City Canal to Me\u017eaparks and J\u016brmala. Enjoy R\u012bga!","og_url":"https:\/\/rivercruises.lv\/kanala-kugisi-amber-riga-aurora-arabella-annabella\/","og_site_name":"River Cruises Latvia","article_publisher":"https:\/\/www.facebook.com\/RiverCruisesLatvia","article_modified_time":"2026-04-20T13:39:37+00:00","og_image":[{"width":700,"height":700,"url":"https:\/\/rivercruises.lv\/wp-content\/uploads\/2020\/07\/Cover-photo-canal-eng.jpg","type":"image\/jpeg"}],"twitter_card":"summary_large_image","twitter_title":"Canal Boats \u201cAMBER R\u012aGA\u201d , \u201cAURORA\u201d, \u201cARABELLA\u201d , \u201cANNABELLA\u201d","twitter_site":"@RiverCruisesLV","twitter_misc":{"Est. reading time":"1 minute"},"schema":{"@context":"https:\/\/schema.org","@graph":[{"@type":"WebPage","@id":"https:\/\/rivercruises.lv\/kanala-kugisi-amber-riga-aurora-arabella-annabella\/","url":"https:\/\/rivercruises.lv\/kanala-kugisi-amber-riga-aurora-arabella-annabella\/","name":"Canal Boat Ticekts | River Cruises Latvia","isPartOf":{"@id":"https:\/\/rivercruises.lv\/#website"},"primaryImageOfPage":{"@id":"https:\/\/rivercruises.lv\/kanala-kugisi-amber-riga-aurora-arabella-annabella\/#primaryimage"},"image":{"@id":"https:\/\/rivercruises.lv\/kanala-kugisi-amber-riga-aurora-arabella-annabella\/#primaryimage"},"thumbnailUrl":"https:\/\/rivercruises.lv\/wp-content\/uploads\/2020\/07\/Cover-photo-canal-eng.jpg","datePublished":"2020-07-01T21:48:39+00:00","dateModified":"2026-04-20T13:39:37+00:00","description":"River Cruises Latvia offers scenic boat trips on the Daugava River and Riga City Canal to Me\u017eaparks and J\u016brmala. Enjoy R\u012bga!","breadcrumb":{"@id":"https:\/\/rivercruises.lv\/kanala-kugisi-amber-riga-aurora-arabella-annabella\/#breadcrumb"},"inLanguage":"en-US","potentialAction":[{"@type":"ReadAction","target":["https:\/\/rivercruises.lv\/kanala-kugisi-amber-riga-aurora-arabella-annabella\/"]}]},{"@type":"ImageObject","inLanguage":"en-US","@id":"https:\/\/rivercruises.lv\/kanala-kugisi-amber-riga-aurora-arabella-annabella\/#primaryimage","url":"https:\/\/rivercruises.lv\/wp-content\/uploads\/2020\/07\/Cover-photo-canal-eng.jpg","contentUrl":"https:\/\/rivercruises.lv\/wp-content\/uploads\/2020\/07\/Cover-photo-canal-eng.jpg","width":700,"height":700,"caption":"Canal boats in Riga - River Cruises Latvia"},{"@type":"BreadcrumbList","@id":"https:\/\/rivercruises.lv\/kanala-kugisi-amber-riga-aurora-arabella-annabella\/#breadcrumb","itemListElement":[{"@type":"ListItem","position":1,"name":"Home","item":"https:\/\/rivercruises.lv\/"},{"@type":"ListItem","position":2,"name":"Canal Boats \u201cAMBER R\u012aGA\u201d , \u201cAURORA\u201d, \u201cARABELLA\u201d , \u201cANNABELLA\u201d"}]},{"@type":"WebSite","@id":"https:\/\/rivercruises.lv\/#website","url":"https:\/\/rivercruises.lv\/","name":"River Cruises Latvia","description":"Ku\u0123\u012b\u0161i pa Daugavu, J\u016brmalu, Me\u017eaparku un R\u012bgas pils\u0113tas Kan\u0101lu","publisher":{"@id":"https:\/\/rivercruises.lv\/#organization"},"potentialAction":[{"@type":"SearchAction","target":{"@type":"EntryPoint","urlTemplate":"https:\/\/rivercruises.lv\/?s={search_term_string}"},"query-input":{"@type":"PropertyValueSpecification","valueRequired":true,"valueName":"search_term_string"}}],"inLanguage":"en-US"},{"@type":"Organization","@id":"https:\/\/rivercruises.lv\/#organization","name":"SIA \"Jaun\u0101 Vecr\u012bga\"","alternateName":"River Cruises Latvia","url":"https:\/\/rivercruises.lv\/","logo":{"@type":"ImageObject","inLanguage":"en-US","@id":"https:\/\/rivercruises.lv\/#\/schema\/logo\/image\/","url":"https:\/\/rivercruises.lv\/wp-content\/uploads\/2025\/04\/New-RiverCruises-white-BG-1.jpg","contentUrl":"https:\/\/rivercruises.lv\/wp-content\/uploads\/2025\/04\/New-RiverCruises-white-BG-1.jpg","width":850,"height":850,"caption":"SIA \"Jaun\u0101 Vecr\u012bga\""},"image":{"@id":"https:\/\/rivercruises.lv\/#\/schema\/logo\/image\/"},"sameAs":["https:\/\/www.facebook.com\/RiverCruisesLatvia","https:\/\/x.com\/RiverCruisesLV","http:\/\/rivercruises.lv\/","https:\/\/www.instagram.com\/rivercruises_latvia\/","https:\/\/www.youtube.com\/channel\/UCr_CMDNcQ8tSAoDFwEt_HFA"],"description":"Boat trips in Riga and J\u016brmala","email":"Jaunavecriga@knutstyle.lv","telephone":"+371 29896138","legalName":"SIA \"Jaun\u0101 Vecr\u012bga\"","vatID":"LV50103633331"}]}},"ticketed":["woo"],"_links":{"self":[{"href":"https:\/\/rivercruises.lv\/en\/wp-json\/wp\/v2\/pages\/4962","targetHints":{"allow":["GET"]}}],"collection":[{"href":"https:\/\/rivercruises.lv\/en\/wp-json\/wp\/v2\/pages"}],"about":[{"href":"https:\/\/rivercruises.lv\/en\/wp-json\/wp\/v2\/types\/page"}],"author":[{"embeddable":true,"href":"https:\/\/rivercruises.lv\/en\/wp-json\/wp\/v2\/users\/1001002"}],"replies":[{"embeddable":true,"href":"https:\/\/rivercruises.lv\/en\/wp-json\/wp\/v2\/comments?post=4962"}],"version-history":[{"count":3,"href":"https:\/\/rivercruises.lv\/en\/wp-json\/wp\/v2\/pages\/4962\/revisions"}],"predecessor-version":[{"id":118536,"href":"https:\/\/rivercruises.lv\/en\/wp-json\/wp\/v2\/pages\/4962\/revisions\/118536"}],"wp:featuredmedia":[{"embeddable":true,"href":"https:\/\/rivercruises.lv\/en\/wp-json\/wp\/v2\/media\/5103"}],"wp:attachment":[{"href":"https:\/\/rivercruises.lv\/en\/wp-json\/wp\/v2\/media?parent=4962"}],"curies":[{"name":"wp","href":"https:\/\/api.w.org\/{rel}","templated":true}]}}