{"id":98211,"date":"2025-04-24T17:53:00","date_gmt":"2025-04-24T14:53:00","guid":{"rendered":"https:\/\/remake2.rivercruises.lv\/?page_id=98211"},"modified":"2026-02-03T09:18:26","modified_gmt":"2026-02-03T07:18:26","slug":"misisipi-tickets","status":"publish","type":"page","link":"https:\/\/rivercruises.lv\/en\/misisipi-tickets\/","title":{"rendered":"MISISIPI Tickets"},"content":{"rendered":"\t\t<div data-elementor-type=\"wp-page\" data-elementor-id=\"98211\" class=\"elementor elementor-98211 elementor-98198\" data-elementor-post-type=\"page\">\n\t\t\t\t<div class=\"elementor-element elementor-element-78f06dab e-flex e-con-boxed e-con e-parent\" data-id=\"78f06dab\" data-element_type=\"container\" data-e-type=\"container\">\n\t\t\t\t\t<div class=\"e-con-inner\">\n\t\t\t\t<div class=\"elementor-element elementor-element-4d9d2af8 elementor-widget elementor-widget-text-editor\" data-id=\"4d9d2af8\" data-element_type=\"widget\" data-e-type=\"widget\" data-widget_type=\"text-editor.default\">\n\t\t\t\t<div class=\"elementor-widget-container\">\n\t\t\t\t\t\t\t\t\t<p>Season 01.05.2026 &#8211; 15.10.2026<\/p>\t\t\t\t\t\t\t\t<\/div>\n\t\t\t\t<\/div>\n\t\t\t\t\t<\/div>\n\t\t\t\t<\/div>\n\t\t<div class=\"elementor-element elementor-element-3fe2186d e-flex e-con-boxed e-con e-parent\" data-id=\"3fe2186d\" data-element_type=\"container\" data-e-type=\"container\">\n\t\t\t\t\t<div class=\"e-con-inner\">\n\t\t<a class=\"elementor-element elementor-element-2ffbd320 e-con-full e-flex e-con e-child\" data-id=\"2ffbd320\" data-element_type=\"container\" data-e-type=\"container\" href=\"https:\/\/maps.app.goo.gl\/iuHQCyvtJF8wwjwg6\" target=\"_blank\">\n\t\t\t\t<div class=\"elementor-element elementor-element-22831d92 elementor-icon-list--layout-traditional elementor-list-item-link-full_width elementor-widget elementor-widget-icon-list\" data-id=\"22831d92\" data-element_type=\"widget\" data-e-type=\"widget\" data-widget_type=\"icon-list.default\">\n\t\t\t\t<div class=\"elementor-widget-container\">\n\t\t\t\t\t\t\t<ul class=\"elementor-icon-list-items\">\n\t\t\t\t\t\t\t<li class=\"elementor-icon-list-item\">\n\t\t\t\t\t\t\t\t\t\t\t<span class=\"elementor-icon-list-icon\">\n\t\t\t\t\t\t\t<svg xmlns=\"http:\/\/www.w3.org\/2000\/svg\" id=\"Layer_1\" viewBox=\"0 0 100 100\"><defs><style>      .st0 {        fill-rule: evenodd;      }    <\/style><\/defs><path class=\"st0\" d=\"M30.75,59.27l19.25,24.07,19.25-24.07c3.72-4.65,5.75-10.43,5.75-16.38v-1.22c0-13.81-11.19-25-25-25s-25,11.19-25,25v1.22c0,5.95,2.03,11.73,5.75,16.38ZM50,55.51c7.65,0,13.84-6.2,13.84-13.84s-6.2-13.84-13.84-13.84-13.84,6.2-13.84,13.84,6.2,13.84,13.84,13.84Z\"><\/path><\/svg>\t\t\t\t\t\t<\/span>\n\t\t\t\t\t\t\t\t\t\t<span class=\"elementor-icon-list-text\">Pier location on the map can be viewed here<\/span>\n\t\t\t\t\t\t\t\t\t<\/li>\n\t\t\t\t\t\t<\/ul>\n\t\t\t\t\t\t<\/div>\n\t\t\t\t<\/div>\n\t\t\t\t<\/a>\n\t\t<a class=\"elementor-element elementor-element-34ddd5b5 e-con-full e-flex e-con e-child\" data-id=\"34ddd5b5\" data-element_type=\"container\" data-e-type=\"container\" href=\"https:\/\/rivercruises.lv\/en\/river-boat-misisipi\/\" target=\"_blank\">\n\t\t\t\t<div class=\"elementor-element elementor-element-12e64f83 elementor-tablet-align-center elementor-icon-list--layout-traditional elementor-list-item-link-full_width elementor-widget elementor-widget-icon-list\" data-id=\"12e64f83\" data-element_type=\"widget\" data-e-type=\"widget\" data-widget_type=\"icon-list.default\">\n\t\t\t\t<div class=\"elementor-widget-container\">\n\t\t\t\t\t\t\t<ul class=\"elementor-icon-list-items\">\n\t\t\t\t\t\t\t<li class=\"elementor-icon-list-item\">\n\t\t\t\t\t\t\t\t\t\t\t<span class=\"elementor-icon-list-icon\">\n\t\t\t\t\t\t\t<svg xmlns=\"http:\/\/www.w3.org\/2000\/svg\" id=\"Layer_1\" viewBox=\"0 0 100 100\"><path d=\"M50,85.54c-4.8,0-9.45-.94-13.83-2.79-4.23-1.79-8.03-4.35-11.3-7.61-3.26-3.26-5.82-7.06-7.61-11.3-1.85-4.38-2.79-9.04-2.79-13.83s.94-9.45,2.79-13.83c1.79-4.23,4.35-8.03,7.61-11.3,3.26-3.26,7.06-5.82,11.3-7.61,4.38-1.85,9.04-2.79,13.83-2.79s9.45.94,13.83,2.79c4.23,1.79,8.03,4.35,11.3,7.61,3.26,3.26,5.82,7.06,7.61,11.3,1.85,4.38,2.79,9.04,2.79,13.83s-.94,9.45-2.79,13.83c-1.79,4.23-4.35,8.03-7.61,11.3-3.26,3.26-7.06,5.82-11.3,7.61-4.38,1.85-9.04,2.79-13.83,2.79ZM50,21.57c-7.59,0-14.73,2.96-20.1,8.33-5.37,5.37-8.33,12.51-8.33,20.1s2.96,14.73,8.33,20.1c5.37,5.37,12.51,8.33,20.1,8.33s14.73-2.96,20.1-8.33c5.37-5.37,8.33-12.51,8.33-20.1s-2.96-14.73-8.33-20.1c-5.37-5.37-12.51-8.33-20.1-8.33ZM58.88,58.89c-.62,0-1.25-.16-1.83-.51l-8.88-5.33c-1.07-.64-1.73-1.8-1.73-3.05v-17.77c0-1.96,1.59-3.55,3.55-3.55s3.55,1.59,3.55,3.55v15.76l7.16,4.3c1.68,1.01,2.23,3.19,1.22,4.88-.67,1.11-1.84,1.73-3.05,1.73Z\"><\/path><\/svg>\t\t\t\t\t\t<\/span>\n\t\t\t\t\t\t\t\t\t\t<span class=\"elementor-icon-list-text\">Cruises Timetable<\/span>\n\t\t\t\t\t\t\t\t\t<\/li>\n\t\t\t\t\t\t<\/ul>\n\t\t\t\t\t\t<\/div>\n\t\t\t\t<\/div>\n\t\t\t\t<\/a>\n\t\t<a class=\"elementor-element elementor-element-3167fd4a e-con-full e-flex e-con e-child\" data-id=\"3167fd4a\" data-element_type=\"container\" data-e-type=\"container\" href=\"https:\/\/rivercruises.lv\/izmainas-darba-laika\/\" target=\"_blank\">\n\t\t\t\t<div class=\"elementor-element elementor-element-1f448876 elementor-icon-list--layout-traditional elementor-list-item-link-full_width elementor-widget elementor-widget-icon-list\" data-id=\"1f448876\" data-element_type=\"widget\" data-e-type=\"widget\" data-widget_type=\"icon-list.default\">\n\t\t\t\t<div class=\"elementor-widget-container\">\n\t\t\t\t\t\t\t<ul class=\"elementor-icon-list-items\">\n\t\t\t\t\t\t\t<li class=\"elementor-icon-list-item\">\n\t\t\t\t\t\t\t\t\t\t\t<span class=\"elementor-icon-list-icon\">\n\t\t\t\t\t\t\t<svg aria-hidden=\"true\" class=\"e-font-icon-svg e-fas-info-circle\" viewBox=\"0 0 512 512\" xmlns=\"http:\/\/www.w3.org\/2000\/svg\"><path d=\"M256 8C119.043 8 8 119.083 8 256c0 136.997 111.043 248 248 248s248-111.003 248-248C504 119.083 392.957 8 256 8zm0 110c23.196 0 42 18.804 42 42s-18.804 42-42 42-42-18.804-42-42 18.804-42 42-42zm56 254c0 6.627-5.373 12-12 12h-88c-6.627 0-12-5.373-12-12v-24c0-6.627 5.373-12 12-12h12v-64h-12c-6.627 0-12-5.373-12-12v-24c0-6.627 5.373-12 12-12h64c6.627 0 12 5.373 12 12v100h12c6.627 0 12 5.373 12 12v24z\"><\/path><\/svg>\t\t\t\t\t\t<\/span>\n\t\t\t\t\t\t\t\t\t\t<span class=\"elementor-icon-list-text\">Changes in during business hours!<\/span>\n\t\t\t\t\t\t\t\t\t<\/li>\n\t\t\t\t\t\t<\/ul>\n\t\t\t\t\t\t<\/div>\n\t\t\t\t<\/div>\n\t\t\t\t<\/a>\n\t\t\t\t\t<\/div>\n\t\t\t\t<\/div>\n\t\t<div class=\"elementor-element elementor-element-d4a61b7 e-flex e-con-boxed e-con e-parent\" data-id=\"d4a61b7\" data-element_type=\"container\" data-e-type=\"container\">\n\t\t\t\t\t<div class=\"e-con-inner\">\n\t\t\t\t<div class=\"elementor-element elementor-element-4d4eef73 elementor-widget elementor-widget-text-editor\" data-id=\"4d4eef73\" data-element_type=\"widget\" data-e-type=\"widget\" data-widget_type=\"text-editor.default\">\n\t\t\t\t<div class=\"elementor-widget-container\">\n\t\t\t\t\t\t\t\t\t<div class=\"flex flex-col text-sm pb-25\"><article class=\"text-token-text-primary w-full focus:outline-none [--shadow-height:45px] has-data-writing-block:pointer-events-none has-data-writing-block:-mt-(--shadow-height) has-data-writing-block:pt-(--shadow-height) [&amp;:has([data-writing-block])&gt;*]:pointer-events-auto scroll-mt-[calc(var(--header-height)+min(200px,max(70px,20svh)))]\" dir=\"auto\" tabindex=\"-1\" data-turn-id=\"request-WEB:d9ed4ed7-58d6-4085-a860-8789bee30a50-4\" data-testid=\"conversation-turn-10\" data-scroll-anchor=\"true\" data-turn=\"assistant\"><div class=\"text-base my-auto mx-auto pb-10 [--thread-content-margin:--spacing(4)] @w-sm\/main:[--thread-content-margin:--spacing(6)] @w-lg\/main:[--thread-content-margin:--spacing(16)] px-(--thread-content-margin)\"><div class=\"[--thread-content-max-width:40rem] @w-lg\/main:[--thread-content-max-width:48rem] mx-auto max-w-(--thread-content-max-width) flex-1 group\/turn-messages focus-visible:outline-hidden relative flex w-full min-w-0 flex-col agent-turn\" tabindex=\"-1\"><div class=\"flex max-w-full flex-col grow\"><div class=\"min-h-8 text-message relative flex w-full flex-col items-end gap-2 text-start break-words whitespace-normal [.text-message+&amp;]:mt-1\" dir=\"auto\" data-message-author-role=\"assistant\" data-message-id=\"8120541b-8780-4ae5-ae3b-211aec83f4f9\" data-message-model-slug=\"gpt-5-2-thinking\"><div class=\"flex w-full flex-col gap-1 empty:hidden first:pt-[1px]\"><div class=\"markdown prose dark:prose-invert w-full wrap-break-word light markdown-new-styling\"><p data-start=\"0\" data-end=\"42\" data-is-last-node=\"\" data-is-only-node=\"\"><span style=\"color: #000000;\"><strong data-start=\"0\" data-end=\"42\" data-is-last-node=\"\" data-is-only-node=\"\">Ticket is valid for the entire season<\/strong><strong style=\"font-size: 1rem; letter-spacing: -0.18px;\" data-start=\"180\" data-end=\"211\">!<\/strong><\/span><\/p><\/div><\/div><\/div><\/div><\/div><\/div><\/article><\/div><p><span style=\"color: #000000;\">You must arrive 30 minutes before departure!<\/span><\/p>\t\t\t\t\t\t\t\t<\/div>\n\t\t\t\t<\/div>\n\t\t\t\t\t<\/div>\n\t\t\t\t<\/div>\n\t\t\t\t<\/div>\n\t\t","protected":false},"excerpt":{"rendered":"<p>Season 01.05.2026 &#8211; 15.10.2026 Pier location on the map can be viewed here Cruises Timetable Changes in during business hours! Ticket is valid for the entire season! You must arrive 30 minutes&hellip;<\/p>\n","protected":false},"author":1001002,"featured_media":0,"parent":0,"menu_order":0,"comment_status":"closed","ping_status":"closed","template":"","meta":{"_monsterinsights_skip_tracking":false,"_monsterinsights_sitenote_active":false,"_monsterinsights_sitenote_note":"","_monsterinsights_sitenote_category":0,"_price":"","_stock":"","_tribe_ticket_header":"","_tribe_default_ticket_provider":"Tribe__Tickets_Plus__Commerce__WooCommerce__Main","_tribe_ticket_capacity":"0","_ticket_start_date":"","_ticket_end_date":"","_tribe_ticket_show_description":"","_tribe_ticket_show_not_going":false,"_tribe_ticket_use_global_stock":"","_tribe_ticket_global_stock_level":"","_global_stock_mode":"","_global_stock_cap":"","_tribe_rsvp_for_event":"","_tribe_ticket_going_count":"","_tribe_ticket_not_going_count":"","_tribe_tickets_list":"[{\"id\":98219,\"type\":\"default\",\"title\":\"MISISIPI - Riga Panoramic trip 1h (Adults)\",\"description\":\"\",\"capacityType\":\"unlimited\",\"price\":12,\"capacity\":\"\",\"available\":-1,\"sharedCapacity\":\"\",\"sold\":0,\"shareSold\":0,\"isShared\":true,\"currencyDecimalPoint\":\".\",\"currencyNumberOfDecimals\":2,\"currencyPosition\":\"prefix\",\"currencySymbol\":\"$\",\"currencyThousandsSep\":\",\"},{\"id\":98221,\"type\":\"default\",\"title\":\"MISISIPI - Riga Panoramic trip 1h (Children from 6 to 9 years of age)\",\"description\":\"\",\"capacityType\":\"unlimited\",\"price\":4,\"capacity\":\"\",\"available\":-1,\"sharedCapacity\":\"\",\"sold\":0,\"shareSold\":0,\"isShared\":true,\"currencyDecimalPoint\":\".\",\"currencyNumberOfDecimals\":2,\"currencyPosition\":\"prefix\",\"currencySymbol\":\"$\",\"currencyThousandsSep\":\",\"},{\"id\":98220,\"type\":\"default\",\"title\":\"MISISIPI - Riga Panoramic trip 1h (Only with ISIC cards)\",\"description\":\"\",\"capacityType\":\"unlimited\",\"price\":8,\"capacity\":\"\",\"available\":-1,\"sharedCapacity\":\"\",\"sold\":0,\"shareSold\":0,\"isShared\":true,\"currencyDecimalPoint\":\".\",\"currencyNumberOfDecimals\":2,\"currencyPosition\":\"prefix\",\"currencySymbol\":\"$\",\"currencyThousandsSep\":\",\"},{\"id\":116382,\"type\":\"default\",\"title\":\"MISISIPI - With a disability card \\u2013 Riga Panorama Trip 1h\",\"description\":\"\",\"capacityType\":\"unlimited\",\"price\":10,\"capacity\":\"\",\"available\":-1,\"sharedCapacity\":\"\",\"sold\":0,\"shareSold\":0,\"isShared\":true,\"currencyDecimalPoint\":\".\",\"currencyNumberOfDecimals\":2,\"currencyPosition\":\"prefix\",\"currencySymbol\":\"$\",\"currencyThousandsSep\":\",\"}]","_tribe_ticket_has_attendee_info_fields":false,"footnotes":"","_tec_slr_enabled":"","_tec_slr_layout":""},"class_list":["post-98211","page","type-page","status-publish","hentry"],"yoast_head":"<!-- This site is optimized with the Yoast SEO Premium plugin v27.3 (Yoast SEO v27.3) - https:\/\/yoast.com\/product\/yoast-seo-premium-wordpress\/ -->\n<title>MISISIPI Tickets - River Cruises Latvia<\/title>\n<meta name=\"robots\" content=\"index, follow, max-snippet:-1, max-image-preview:large, max-video-preview:-1\" \/>\n<link rel=\"canonical\" href=\"https:\/\/rivercruises.lv\/misisipi-biletes\/\" \/>\n<meta property=\"og:locale\" content=\"en_US\" \/>\n<meta property=\"og:type\" content=\"article\" \/>\n<meta property=\"og:title\" content=\"MISISIPI Tickets\" \/>\n<meta property=\"og:description\" content=\"Season 01.05.2026 &#8211; 15.10.2026 Pier location on the map can be viewed here Cruises Timetable Changes in during business hours! Ticket is valid for the entire season! You must arrive 30 minutes&hellip;\" \/>\n<meta property=\"og:url\" content=\"https:\/\/rivercruises.lv\/misisipi-biletes\/\" \/>\n<meta property=\"og:site_name\" content=\"River Cruises Latvia\" \/>\n<meta property=\"article:publisher\" content=\"https:\/\/www.facebook.com\/RiverCruisesLatvia\" \/>\n<meta property=\"article:modified_time\" content=\"2026-02-03T07:18:26+00:00\" \/>\n<meta property=\"og:image\" content=\"https:\/\/rivercruises.lv\/wp-content\/uploads\/2021\/05\/River-Cruises-e-biletes-majaslapai-slaiderim-eng.jpg\" \/>\n\t<meta property=\"og:image:width\" content=\"1920\" \/>\n\t<meta property=\"og:image:height\" content=\"1080\" \/>\n\t<meta property=\"og:image:type\" content=\"image\/jpeg\" \/>\n<meta name=\"twitter:card\" content=\"summary_large_image\" \/>\n<meta name=\"twitter:site\" content=\"@RiverCruisesLV\" \/>\n<meta name=\"twitter:label1\" content=\"Est. reading time\" \/>\n\t<meta name=\"twitter:data1\" content=\"1 minute\" \/>\n<script type=\"application\/ld+json\" class=\"yoast-schema-graph\">{\"@context\":\"https:\\\/\\\/schema.org\",\"@graph\":[{\"@type\":\"WebPage\",\"@id\":\"https:\\\/\\\/rivercruises.lv\\\/misisipi-biletes\\\/\",\"url\":\"https:\\\/\\\/rivercruises.lv\\\/misisipi-biletes\\\/\",\"name\":\"MISISIPI Tickets - River Cruises Latvia\",\"isPartOf\":{\"@id\":\"https:\\\/\\\/rivercruises.lv\\\/#website\"},\"datePublished\":\"2025-04-24T14:53:00+00:00\",\"dateModified\":\"2026-02-03T07:18:26+00:00\",\"breadcrumb\":{\"@id\":\"https:\\\/\\\/rivercruises.lv\\\/misisipi-biletes\\\/#breadcrumb\"},\"inLanguage\":\"en-US\",\"potentialAction\":[{\"@type\":\"ReadAction\",\"target\":[\"https:\\\/\\\/rivercruises.lv\\\/misisipi-biletes\\\/\"]}]},{\"@type\":\"BreadcrumbList\",\"@id\":\"https:\\\/\\\/rivercruises.lv\\\/misisipi-biletes\\\/#breadcrumb\",\"itemListElement\":[{\"@type\":\"ListItem\",\"position\":1,\"name\":\"Home\",\"item\":\"https:\\\/\\\/rivercruises.lv\\\/\"},{\"@type\":\"ListItem\",\"position\":2,\"name\":\"MISISIPI Tickets\"}]},{\"@type\":\"WebSite\",\"@id\":\"https:\\\/\\\/rivercruises.lv\\\/#website\",\"url\":\"https:\\\/\\\/rivercruises.lv\\\/\",\"name\":\"River Cruises Latvia\",\"description\":\"Ku\u0123\u012b\u0161i pa Daugavu, J\u016brmalu, Me\u017eaparku un R\u012bgas pils\u0113tas Kan\u0101lu\",\"publisher\":{\"@id\":\"https:\\\/\\\/rivercruises.lv\\\/#organization\"},\"potentialAction\":[{\"@type\":\"SearchAction\",\"target\":{\"@type\":\"EntryPoint\",\"urlTemplate\":\"https:\\\/\\\/rivercruises.lv\\\/?s={search_term_string}\"},\"query-input\":{\"@type\":\"PropertyValueSpecification\",\"valueRequired\":true,\"valueName\":\"search_term_string\"}}],\"inLanguage\":\"en-US\"},{\"@type\":\"Organization\",\"@id\":\"https:\\\/\\\/rivercruises.lv\\\/#organization\",\"name\":\"SIA \\\"Jaun\u0101 Vecr\u012bga\\\"\",\"alternateName\":\"River Cruises Latvia\",\"url\":\"https:\\\/\\\/rivercruises.lv\\\/\",\"logo\":{\"@type\":\"ImageObject\",\"inLanguage\":\"en-US\",\"@id\":\"https:\\\/\\\/rivercruises.lv\\\/#\\\/schema\\\/logo\\\/image\\\/\",\"url\":\"https:\\\/\\\/rivercruises.lv\\\/wp-content\\\/uploads\\\/2025\\\/04\\\/New-RiverCruises-white-BG-1.jpg\",\"contentUrl\":\"https:\\\/\\\/rivercruises.lv\\\/wp-content\\\/uploads\\\/2025\\\/04\\\/New-RiverCruises-white-BG-1.jpg\",\"width\":850,\"height\":850,\"caption\":\"SIA \\\"Jaun\u0101 Vecr\u012bga\\\"\"},\"image\":{\"@id\":\"https:\\\/\\\/rivercruises.lv\\\/#\\\/schema\\\/logo\\\/image\\\/\"},\"sameAs\":[\"https:\\\/\\\/www.facebook.com\\\/RiverCruisesLatvia\",\"https:\\\/\\\/x.com\\\/RiverCruisesLV\",\"http:\\\/\\\/rivercruises.lv\\\/\",\"https:\\\/\\\/www.instagram.com\\\/rivercruises_latvia\\\/\",\"https:\\\/\\\/www.youtube.com\\\/channel\\\/UCr_CMDNcQ8tSAoDFwEt_HFA\"],\"description\":\"Boat trips in Riga and J\u016brmala\",\"email\":\"Jaunavecriga@knutstyle.lv\",\"telephone\":\"+371 29896138\",\"legalName\":\"SIA \\\"Jaun\u0101 Vecr\u012bga\\\"\",\"vatID\":\"LV50103633331\"}]}<\/script>\n<!-- \/ Yoast SEO Premium plugin. -->","yoast_head_json":{"title":"MISISIPI Tickets - River Cruises Latvia","robots":{"index":"index","follow":"follow","max-snippet":"max-snippet:-1","max-image-preview":"max-image-preview:large","max-video-preview":"max-video-preview:-1"},"canonical":"https:\/\/rivercruises.lv\/misisipi-biletes\/","og_locale":"en_US","og_type":"article","og_title":"MISISIPI Tickets","og_description":"Season 01.05.2026 &#8211; 15.10.2026 Pier location on the map can be viewed here Cruises Timetable Changes in during business hours! Ticket is valid for the entire season! You must arrive 30 minutes&hellip;","og_url":"https:\/\/rivercruises.lv\/misisipi-biletes\/","og_site_name":"River Cruises Latvia","article_publisher":"https:\/\/www.facebook.com\/RiverCruisesLatvia","article_modified_time":"2026-02-03T07:18:26+00:00","og_image":[{"width":1920,"height":1080,"url":"https:\/\/rivercruises.lv\/wp-content\/uploads\/2021\/05\/River-Cruises-e-biletes-majaslapai-slaiderim-eng.jpg","type":"image\/jpeg"}],"twitter_card":"summary_large_image","twitter_site":"@RiverCruisesLV","twitter_misc":{"Est. reading time":"1 minute"},"schema":{"@context":"https:\/\/schema.org","@graph":[{"@type":"WebPage","@id":"https:\/\/rivercruises.lv\/misisipi-biletes\/","url":"https:\/\/rivercruises.lv\/misisipi-biletes\/","name":"MISISIPI Tickets - River Cruises Latvia","isPartOf":{"@id":"https:\/\/rivercruises.lv\/#website"},"datePublished":"2025-04-24T14:53:00+00:00","dateModified":"2026-02-03T07:18:26+00:00","breadcrumb":{"@id":"https:\/\/rivercruises.lv\/misisipi-biletes\/#breadcrumb"},"inLanguage":"en-US","potentialAction":[{"@type":"ReadAction","target":["https:\/\/rivercruises.lv\/misisipi-biletes\/"]}]},{"@type":"BreadcrumbList","@id":"https:\/\/rivercruises.lv\/misisipi-biletes\/#breadcrumb","itemListElement":[{"@type":"ListItem","position":1,"name":"Home","item":"https:\/\/rivercruises.lv\/"},{"@type":"ListItem","position":2,"name":"MISISIPI Tickets"}]},{"@type":"WebSite","@id":"https:\/\/rivercruises.lv\/#website","url":"https:\/\/rivercruises.lv\/","name":"River Cruises Latvia","description":"Ku\u0123\u012b\u0161i pa Daugavu, J\u016brmalu, Me\u017eaparku un R\u012bgas pils\u0113tas Kan\u0101lu","publisher":{"@id":"https:\/\/rivercruises.lv\/#organization"},"potentialAction":[{"@type":"SearchAction","target":{"@type":"EntryPoint","urlTemplate":"https:\/\/rivercruises.lv\/?s={search_term_string}"},"query-input":{"@type":"PropertyValueSpecification","valueRequired":true,"valueName":"search_term_string"}}],"inLanguage":"en-US"},{"@type":"Organization","@id":"https:\/\/rivercruises.lv\/#organization","name":"SIA \"Jaun\u0101 Vecr\u012bga\"","alternateName":"River Cruises Latvia","url":"https:\/\/rivercruises.lv\/","logo":{"@type":"ImageObject","inLanguage":"en-US","@id":"https:\/\/rivercruises.lv\/#\/schema\/logo\/image\/","url":"https:\/\/rivercruises.lv\/wp-content\/uploads\/2025\/04\/New-RiverCruises-white-BG-1.jpg","contentUrl":"https:\/\/rivercruises.lv\/wp-content\/uploads\/2025\/04\/New-RiverCruises-white-BG-1.jpg","width":850,"height":850,"caption":"SIA \"Jaun\u0101 Vecr\u012bga\""},"image":{"@id":"https:\/\/rivercruises.lv\/#\/schema\/logo\/image\/"},"sameAs":["https:\/\/www.facebook.com\/RiverCruisesLatvia","https:\/\/x.com\/RiverCruisesLV","http:\/\/rivercruises.lv\/","https:\/\/www.instagram.com\/rivercruises_latvia\/","https:\/\/www.youtube.com\/channel\/UCr_CMDNcQ8tSAoDFwEt_HFA"],"description":"Boat trips in Riga and J\u016brmala","email":"Jaunavecriga@knutstyle.lv","telephone":"+371 29896138","legalName":"SIA \"Jaun\u0101 Vecr\u012bga\"","vatID":"LV50103633331"}]}},"ticketed":["woo"],"_links":{"self":[{"href":"https:\/\/rivercruises.lv\/en\/wp-json\/wp\/v2\/pages\/98211","targetHints":{"allow":["GET"]}}],"collection":[{"href":"https:\/\/rivercruises.lv\/en\/wp-json\/wp\/v2\/pages"}],"about":[{"href":"https:\/\/rivercruises.lv\/en\/wp-json\/wp\/v2\/types\/page"}],"author":[{"embeddable":true,"href":"https:\/\/rivercruises.lv\/en\/wp-json\/wp\/v2\/users\/1001002"}],"replies":[{"embeddable":true,"href":"https:\/\/rivercruises.lv\/en\/wp-json\/wp\/v2\/comments?post=98211"}],"version-history":[{"count":13,"href":"https:\/\/rivercruises.lv\/en\/wp-json\/wp\/v2\/pages\/98211\/revisions"}],"predecessor-version":[{"id":116900,"href":"https:\/\/rivercruises.lv\/en\/wp-json\/wp\/v2\/pages\/98211\/revisions\/116900"}],"wp:attachment":[{"href":"https:\/\/rivercruises.lv\/en\/wp-json\/wp\/v2\/media?parent=98211"}],"curies":[{"name":"wp","href":"https:\/\/api.w.org\/{rel}","templated":true}]}}