{"id":14924,"date":"2021-06-13T17:50:18","date_gmt":"2021-06-13T17:50:18","guid":{"rendered":"https:\/\/rivercruises.lv\/?page_id=14924"},"modified":"2026-01-25T18:37:40","modified_gmt":"2026-01-25T16:37:40","slug":"arenda-korablikov","status":"publish","type":"page","link":"https:\/\/rivercruises.lv\/ru\/arenda-korablikov\/","title":{"rendered":"\u0410\u0420\u0415\u041d\u0414\u0410 \u041a\u041e\u0420\u0410\u0411\u041b\u0418\u041a\u041e\u0412"},"content":{"rendered":"\t\t<div data-elementor-type=\"wp-page\" data-elementor-id=\"14924\" class=\"elementor elementor-14924 elementor-14905\" data-elementor-post-type=\"page\">\n\t\t\t\t<div class=\"elementor-element elementor-element-50af42cf e-flex e-con-boxed e-con e-parent\" data-id=\"50af42cf\" data-element_type=\"container\" data-e-type=\"container\">\n\t\t\t\t\t<div class=\"e-con-inner\">\n\t\t<div class=\"elementor-element elementor-element-efd10d3 e-con-full e-flex e-con e-child\" data-id=\"efd10d3\" data-element_type=\"container\" data-e-type=\"container\">\n\t\t\t\t<div class=\"elementor-element elementor-element-2cff454e elementor-align-justify elementor-widget elementor-widget-button\" data-id=\"2cff454e\" data-element_type=\"widget\" data-e-type=\"widget\" data-widget_type=\"button.default\">\n\t\t\t\t<div class=\"elementor-widget-container\">\n\t\t\t\t\t\t\t\t\t<div class=\"elementor-button-wrapper\">\n\t\t\t\t\t<a class=\"elementor-button elementor-button-link elementor-size-sm\" href=\"https:\/\/rivercruises.lv\/ru\/river-cruises-latvia-k%d0%be%d0%bd%d1%82%d0%b0%d0%ba%d1%82%d1%8b\/\" target=\"_blank\">\n\t\t\t\t\t\t<span class=\"elementor-button-content-wrapper\">\n\t\t\t\t\t\t\t\t\t<span class=\"elementor-button-text\">\u041f\u0435\u0440\u0435\u0434 \u043f\u043e\u043a\u0443\u043f\u043a\u043e\u0439 \u043e\u0431\u044f\u0437\u0430\u0442\u0435\u043b\u044c\u043d\u043e \u0441\u0432\u044f\u0436\u0438\u0442\u0435\u0441\u044c \u0441 \u043d\u0430\u043c\u0438!<\/span>\n\t\t\t\t\t<\/span>\n\t\t\t\t\t<\/a>\n\t\t\t\t<\/div>\n\t\t\t\t\t\t\t\t<\/div>\n\t\t\t\t<\/div>\n\t\t\t\t<\/div>\n\t\t<div class=\"elementor-element elementor-element-48f05374 e-con-full e-flex e-con e-child\" data-id=\"48f05374\" data-element_type=\"container\" data-e-type=\"container\">\n\t\t\t\t<div class=\"elementor-element elementor-element-5965578e elementor-align-justify elementor-widget elementor-widget-button\" data-id=\"5965578e\" data-element_type=\"widget\" data-e-type=\"widget\" data-widget_type=\"button.default\">\n\t\t\t\t<div class=\"elementor-widget-container\">\n\t\t\t\t\t\t\t\t\t<div class=\"elementor-button-wrapper\">\n\t\t\t\t\t<a class=\"elementor-button elementor-button-link elementor-size-sm\" href=\"\/\">\n\t\t\t\t\t\t<span class=\"elementor-button-content-wrapper\">\n\t\t\t\t\t\t\t\t\t<span class=\"elementor-button-text\">\u0421\u0435\u0437\u043e\u043d 01.04.2026-30.11.2026<\/span>\n\t\t\t\t\t<\/span>\n\t\t\t\t\t<\/a>\n\t\t\t\t<\/div>\n\t\t\t\t\t\t\t\t<\/div>\n\t\t\t\t<\/div>\n\t\t\t\t<\/div>\n\t\t<div class=\"elementor-element elementor-element-b12ed7a e-con-full e-flex e-con e-child\" data-id=\"b12ed7a\" data-element_type=\"container\" data-e-type=\"container\">\n\t\t\t\t<div class=\"elementor-element elementor-element-5b3edff7 elementor-align-justify elementor-widget elementor-widget-button\" data-id=\"5b3edff7\" data-element_type=\"widget\" data-e-type=\"widget\" data-widget_type=\"button.default\">\n\t\t\t\t<div class=\"elementor-widget-container\">\n\t\t\t\t\t\t\t\t\t<div class=\"elementor-button-wrapper\">\n\t\t\t\t\t<a class=\"elementor-button elementor-size-sm\" role=\"button\">\n\t\t\t\t\t\t<span class=\"elementor-button-content-wrapper\">\n\t\t\t\t\t\t\t\t\t<span class=\"elementor-button-text\">\u041f\u0440\u0435\u0434\u044a\u044f\u0432\u0438\u0442\u0435 \u0431\u0438\u043b\u0435\u0442 \u0441 \u0442\u0435\u043b\u0435\u0444\u043e\u043d\u0430!<\/span>\n\t\t\t\t\t<\/span>\n\t\t\t\t\t<\/a>\n\t\t\t\t<\/div>\n\t\t\t\t\t\t\t\t<\/div>\n\t\t\t\t<\/div>\n\t\t\t\t<\/div>\n\t\t<div class=\"elementor-element elementor-element-3a259eab e-con-full e-flex e-con e-child\" data-id=\"3a259eab\" data-element_type=\"container\" data-e-type=\"container\">\n\t\t\t\t<div class=\"elementor-element elementor-element-58462f81 elementor-align-justify elementor-widget elementor-widget-button\" data-id=\"58462f81\" data-element_type=\"widget\" data-e-type=\"widget\" data-widget_type=\"button.default\">\n\t\t\t\t<div class=\"elementor-widget-container\">\n\t\t\t\t\t\t\t\t\t<div class=\"elementor-button-wrapper\">\n\t\t\t\t\t<a class=\"elementor-button elementor-button-link elementor-size-sm\" href=\"https:\/\/rivercruises.lv\/ru\/%d0%b8%d0%b7%d0%bc%d0%b5%d0%bd%d0%b5%d0%bd%d0%b8%d1%8f-%d0%b2-%d1%80%d0%b0%d0%b1%d0%be%d1%87%d0%b5%d0%b5-%d0%b2%d1%80%d0%b5%d0%bc%d1%8f\/\" target=\"_blank\">\n\t\t\t\t\t\t<span class=\"elementor-button-content-wrapper\">\n\t\t\t\t\t\t\t\t\t<span class=\"elementor-button-text\">\u0418\u0437\u043c\u0435\u043d\u0435\u043d\u0438\u044f \u0432 \u0440\u0430\u0431\u043e\u0447\u0435\u0435 \u0432\u0440\u0435\u043c\u044f<\/span>\n\t\t\t\t\t<\/span>\n\t\t\t\t\t<\/a>\n\t\t\t\t<\/div>\n\t\t\t\t\t\t\t\t<\/div>\n\t\t\t\t<\/div>\n\t\t\t\t<\/div>\n\t\t\t\t\t<\/div>\n\t\t\t\t<\/div>\n\t\t<div class=\"elementor-element elementor-element-849eb87 e-flex e-con-boxed e-con e-parent\" data-id=\"849eb87\" data-element_type=\"container\" data-e-type=\"container\">\n\t\t\t\t\t<div class=\"e-con-inner\">\n\t\t\t\t\t<\/div>\n\t\t\t\t<\/div>\n\t\t\t\t<\/div>\n\t\t","protected":false},"excerpt":{"rendered":"<p>\u041f\u0435\u0440\u0435\u0434 \u043f\u043e\u043a\u0443\u043f\u043a\u043e\u0439 \u043e\u0431\u044f\u0437\u0430\u0442\u0435\u043b\u044c\u043d\u043e \u0441\u0432\u044f\u0436\u0438\u0442\u0435\u0441\u044c \u0441 \u043d\u0430\u043c\u0438! \u0421\u0435\u0437\u043e\u043d 01.04.2026-30.11.2026 \u041f\u0440\u0435\u0434\u044a\u044f\u0432\u0438\u0442\u0435 \u0431\u0438\u043b\u0435\u0442 \u0441 \u0442\u0435\u043b\u0435\u0444\u043e\u043d\u0430! \u0418\u0437\u043c\u0435\u043d\u0435\u043d\u0438\u044f \u0432 \u0440\u0430\u0431\u043e\u0447\u0435\u0435 \u0432\u0440\u0435\u043c\u044f<\/p>\n","protected":false},"author":1001002,"featured_media":14937,"parent":0,"menu_order":0,"comment_status":"closed","ping_status":"closed","template":"","meta":{"_monsterinsights_skip_tracking":false,"_monsterinsights_sitenote_active":false,"_monsterinsights_sitenote_note":"","_monsterinsights_sitenote_category":0,"_price":"","_stock":"","_tribe_ticket_header":"","_tribe_default_ticket_provider":"Tribe__Tickets_Plus__Commerce__WooCommerce__Main","_tribe_ticket_capacity":"0","_ticket_start_date":"","_ticket_end_date":"","_tribe_ticket_show_description":"","_tribe_ticket_show_not_going":false,"_tribe_ticket_use_global_stock":"","_tribe_ticket_global_stock_level":"","_global_stock_mode":"","_global_stock_cap":"","_tribe_rsvp_for_event":"","_tribe_ticket_going_count":"","_tribe_ticket_not_going_count":"","_tribe_tickets_list":"[{\"id\":14929,\"type\":\"default\",\"title\":\"\\u041f\\u0440\\u043e\\u0433\\u0443\\u043b\\u043e\\u0447\\u043d\\u044b\\u0439 \\u043a\\u043e\\u0440\\u0430\\u0431\\u043b\\u0438\\u043a \\u00abELIZABETE\\u00bb (\\u0426\\u0435\\u043d\\u0430 \\u0437\\u0430 1 \\u0447\\u0430\\u0441)\",\"description\":\"\",\"capacityType\":\"unlimited\",\"price\":220,\"capacity\":\"\",\"available\":-1,\"sharedCapacity\":\"\",\"sold\":1,\"shareSold\":1,\"isShared\":true,\"currencyDecimalPoint\":\".\",\"currencyNumberOfDecimals\":2,\"currencyPosition\":\"prefix\",\"currencySymbol\":\"$\",\"currencyThousandsSep\":\",\"},{\"id\":14930,\"type\":\"default\",\"title\":\"\\u041f\\u0440\\u043e\\u0433\\u0443\\u043b\\u043e\\u0447\\u043d\\u044b\\u0439 \\u043a\\u043e\\u0440\\u0430\\u0431\\u043b\\u0438\\u043a \\u00abAGNES\\u00bb (\\u0426\\u0435\\u043d\\u0430 \\u0437\\u0430 1 \\u0447\\u0430\\u0441)\",\"description\":\"\",\"capacityType\":\"unlimited\",\"price\":220,\"capacity\":\"\",\"available\":-1,\"sharedCapacity\":\"\",\"sold\":0,\"shareSold\":0,\"isShared\":true,\"currencyDecimalPoint\":\".\",\"currencyNumberOfDecimals\":2,\"currencyPosition\":\"prefix\",\"currencySymbol\":\"$\",\"currencyThousandsSep\":\",\"},{\"id\":14925,\"type\":\"default\",\"title\":\"\\u041a\\u043e\\u0440\\u0430\\u0431\\u043b\\u0438\\u043a \\u00ab\\u0410MBER R\\u012aGA\\u00bb (\\u0426\\u0435\\u043d\\u0430 \\u0437\\u0430 1 \\u0447\\u0430\\u0441)\",\"description\":\"\",\"capacityType\":\"unlimited\",\"price\":180,\"capacity\":\"\",\"available\":-1,\"sharedCapacity\":\"\",\"sold\":2,\"shareSold\":2,\"isShared\":true,\"currencyDecimalPoint\":\".\",\"currencyNumberOfDecimals\":2,\"currencyPosition\":\"prefix\",\"currencySymbol\":\"$\",\"currencyThousandsSep\":\",\"},{\"id\":14926,\"type\":\"default\",\"title\":\"\\u041a\\u043e\\u0440\\u0430\\u0431\\u043b\\u0438\\u043a \\u00abAURORA\\u00bb (\\u0426\\u0435\\u043d\\u0430 \\u0437\\u0430 1 \\u0447\\u0430\\u0441)\",\"description\":\"\",\"capacityType\":\"unlimited\",\"price\":180,\"capacity\":\"\",\"available\":-1,\"sharedCapacity\":\"\",\"sold\":0,\"shareSold\":0,\"isShared\":true,\"currencyDecimalPoint\":\".\",\"currencyNumberOfDecimals\":2,\"currencyPosition\":\"prefix\",\"currencySymbol\":\"$\",\"currencyThousandsSep\":\",\"},{\"id\":14927,\"type\":\"default\",\"title\":\"\\u041a\\u043e\\u0440\\u0430\\u0431\\u043b\\u0438\\u043a \\u00abANNABELLA\\u00bb (\\u0426\\u0435\\u043d\\u0430 \\u0437\\u0430 1 \\u0447\\u0430\\u0441)\",\"description\":\"\",\"capacityType\":\"unlimited\",\"price\":180,\"capacity\":\"\",\"available\":-1,\"sharedCapacity\":\"\",\"sold\":0,\"shareSold\":0,\"isShared\":true,\"currencyDecimalPoint\":\".\",\"currencyNumberOfDecimals\":2,\"currencyPosition\":\"prefix\",\"currencySymbol\":\"$\",\"currencyThousandsSep\":\",\"},{\"id\":14928,\"type\":\"default\",\"title\":\"\\u041a\\u043e\\u0440\\u0430\\u0431\\u043b\\u0438\\u043a \\u00abARABELLA\\u00bb (\\u0426\\u0435\\u043d\\u0430 \\u0437\\u0430 1 \\u0447\\u0430\\u0441)\",\"description\":\"\",\"capacityType\":\"unlimited\",\"price\":180,\"capacity\":\"\",\"available\":-1,\"sharedCapacity\":\"\",\"sold\":0,\"shareSold\":0,\"isShared\":true,\"currencyDecimalPoint\":\".\",\"currencyNumberOfDecimals\":2,\"currencyPosition\":\"prefix\",\"currencySymbol\":\"$\",\"currencyThousandsSep\":\",\"}]","_tribe_ticket_has_attendee_info_fields":false,"footnotes":"","_tec_slr_enabled":"","_tec_slr_layout":""},"class_list":["post-14924","page","type-page","status-publish","has-post-thumbnail","hentry"],"yoast_head":"<!-- This site is optimized with the Yoast SEO Premium plugin v27.4 (Yoast SEO v27.4) - https:\/\/yoast.com\/product\/yoast-seo-premium-wordpress\/ -->\n<title>\u0410\u0420\u0415\u041d\u0414\u0410 \u041a\u041e\u0420\u0410\u0411\u041b\u0418\u041a\u041e\u0412 | River Cruises Latvia<\/title>\n<meta name=\"description\" content=\"River Cruises Latvia \u043f\u0440\u0435\u0434\u043b\u0430\u0433\u0430\u0435\u0442 \u0436\u0438\u0432\u043e\u043f\u0438\u0441\u043d\u044b\u0435 \u043f\u0440\u043e\u0433\u0443\u043b\u043a\u0438 \u043d\u0430 \u043a\u043e\u0440\u0430\u0431\u043b\u0438\u043a\u0435 \u043f\u043e \u0414\u0430\u0443\u0433\u0430\u0432\u0435 \u0438 \u0420\u0438\u0436\u0441\u043a\u043e\u043c\u0443 \u0433\u043e\u0440\u043e\u0434\u0441\u043a\u043e\u043c\u0443 \u043a\u0430\u043d\u0430\u043b\u0443 \u0434\u043e \u041c\u0435\u0436\u0430\u043f\u0430\u0440\u043a\u0430 \u0438 \u042e\u0440\u043c\u0430\u043b\u044b.\" \/>\n<meta name=\"robots\" content=\"index, follow, max-snippet:-1, max-image-preview:large, max-video-preview:-1\" \/>\n<link rel=\"canonical\" href=\"https:\/\/rivercruises.lv\/en\/boat-rent\/\" \/>\n<meta property=\"og:locale\" content=\"ru_RU\" \/>\n<meta property=\"og:type\" content=\"article\" \/>\n<meta property=\"og:title\" content=\"\u0410\u0420\u0415\u041d\u0414\u0410 \u041a\u041e\u0420\u0410\u0411\u041b\u0418\u041a\u041e\u0412 | River Cruises Latvia\" \/>\n<meta property=\"og:description\" content=\"River Cruises Latvia \u043f\u0440\u0435\u0434\u043b\u0430\u0433\u0430\u0435\u0442 \u0436\u0438\u0432\u043e\u043f\u0438\u0441\u043d\u044b\u0435 \u043f\u0440\u043e\u0433\u0443\u043b\u043a\u0438 \u043d\u0430 \u043a\u043e\u0440\u0430\u0431\u043b\u0438\u043a\u0435 \u043f\u043e \u0414\u0430\u0443\u0433\u0430\u0432\u0435 \u0438 \u0420\u0438\u0436\u0441\u043a\u043e\u043c\u0443 \u0433\u043e\u0440\u043e\u0434\u0441\u043a\u043e\u043c\u0443 \u043a\u0430\u043d\u0430\u043b\u0443 \u0434\u043e \u041c\u0435\u0436\u0430\u043f\u0430\u0440\u043a\u0430 \u0438 \u042e\u0440\u043c\u0430\u043b\u044b.\" \/>\n<meta property=\"og:url\" content=\"https:\/\/rivercruises.lv\/en\/boat-rent\/\" \/>\n<meta property=\"og:site_name\" content=\"River Cruises Latvia\" \/>\n<meta property=\"article:publisher\" content=\"https:\/\/www.facebook.com\/RiverCruisesLatvia\" \/>\n<meta property=\"article:modified_time\" content=\"2026-01-25T16:37:40+00:00\" \/>\n<meta property=\"og:image\" content=\"https:\/\/rivercruises.lv\/wp-content\/uploads\/2021\/06\/Cover-photo-kugu-noma-rus.png\" \/>\n\t<meta property=\"og:image:width\" content=\"700\" \/>\n\t<meta property=\"og:image:height\" content=\"700\" \/>\n\t<meta property=\"og:image:type\" content=\"image\/png\" \/>\n<meta name=\"twitter:card\" content=\"summary_large_image\" \/>\n<meta name=\"twitter:title\" content=\"\u0410\u0420\u0415\u041d\u0414\u0410 \u041a\u041e\u0420\u0410\u0411\u041b\u0418\u041a\u041e\u0412\" \/>\n<meta name=\"twitter:site\" content=\"@RiverCruisesLV\" \/>\n<script type=\"application\/ld+json\" class=\"yoast-schema-graph\">{\"@context\":\"https:\\\/\\\/schema.org\",\"@graph\":[{\"@type\":\"WebPage\",\"@id\":\"https:\\\/\\\/rivercruises.lv\\\/en\\\/boat-rent\\\/\",\"url\":\"https:\\\/\\\/rivercruises.lv\\\/en\\\/boat-rent\\\/\",\"name\":\"\u0410\u0420\u0415\u041d\u0414\u0410 \u041a\u041e\u0420\u0410\u0411\u041b\u0418\u041a\u041e\u0412 | River Cruises Latvia\",\"isPartOf\":{\"@id\":\"https:\\\/\\\/rivercruises.lv\\\/#website\"},\"primaryImageOfPage\":{\"@id\":\"https:\\\/\\\/rivercruises.lv\\\/en\\\/boat-rent\\\/#primaryimage\"},\"image\":{\"@id\":\"https:\\\/\\\/rivercruises.lv\\\/en\\\/boat-rent\\\/#primaryimage\"},\"thumbnailUrl\":\"https:\\\/\\\/rivercruises.lv\\\/wp-content\\\/uploads\\\/2021\\\/06\\\/Cover-photo-kugu-noma-rus.png\",\"datePublished\":\"2021-06-13T17:50:18+00:00\",\"dateModified\":\"2026-01-25T16:37:40+00:00\",\"description\":\"River Cruises Latvia \u043f\u0440\u0435\u0434\u043b\u0430\u0433\u0430\u0435\u0442 \u0436\u0438\u0432\u043e\u043f\u0438\u0441\u043d\u044b\u0435 \u043f\u0440\u043e\u0433\u0443\u043b\u043a\u0438 \u043d\u0430 \u043a\u043e\u0440\u0430\u0431\u043b\u0438\u043a\u0435 \u043f\u043e \u0414\u0430\u0443\u0433\u0430\u0432\u0435 \u0438 \u0420\u0438\u0436\u0441\u043a\u043e\u043c\u0443 \u0433\u043e\u0440\u043e\u0434\u0441\u043a\u043e\u043c\u0443 \u043a\u0430\u043d\u0430\u043b\u0443 \u0434\u043e \u041c\u0435\u0436\u0430\u043f\u0430\u0440\u043a\u0430 \u0438 \u042e\u0440\u043c\u0430\u043b\u044b.\",\"breadcrumb\":{\"@id\":\"https:\\\/\\\/rivercruises.lv\\\/en\\\/boat-rent\\\/#breadcrumb\"},\"inLanguage\":\"ru-RU\",\"potentialAction\":[{\"@type\":\"ReadAction\",\"target\":[\"https:\\\/\\\/rivercruises.lv\\\/en\\\/boat-rent\\\/\"]}]},{\"@type\":\"ImageObject\",\"inLanguage\":\"ru-RU\",\"@id\":\"https:\\\/\\\/rivercruises.lv\\\/en\\\/boat-rent\\\/#primaryimage\",\"url\":\"https:\\\/\\\/rivercruises.lv\\\/wp-content\\\/uploads\\\/2021\\\/06\\\/Cover-photo-kugu-noma-rus.png\",\"contentUrl\":\"https:\\\/\\\/rivercruises.lv\\\/wp-content\\\/uploads\\\/2021\\\/06\\\/Cover-photo-kugu-noma-rus.png\",\"width\":700,\"height\":700,\"caption\":\"\u0410\u0420\u0415\u041d\u0414\u0410 \u041a\u041e\u0420\u0410\u0411\u041b\u0418\u041a\u041e\u0412 | River Cruises Latvia\"},{\"@type\":\"BreadcrumbList\",\"@id\":\"https:\\\/\\\/rivercruises.lv\\\/en\\\/boat-rent\\\/#breadcrumb\",\"itemListElement\":[{\"@type\":\"ListItem\",\"position\":1,\"name\":\"Home\",\"item\":\"https:\\\/\\\/rivercruises.lv\\\/\"},{\"@type\":\"ListItem\",\"position\":2,\"name\":\"\u0410\u0420\u0415\u041d\u0414\u0410 \u041a\u041e\u0420\u0410\u0411\u041b\u0418\u041a\u041e\u0412\"}]},{\"@type\":\"WebSite\",\"@id\":\"https:\\\/\\\/rivercruises.lv\\\/#website\",\"url\":\"https:\\\/\\\/rivercruises.lv\\\/\",\"name\":\"River Cruises Latvia\",\"description\":\"Ku\u0123\u012b\u0161i pa Daugavu, J\u016brmalu, Me\u017eaparku un R\u012bgas pils\u0113tas Kan\u0101lu\",\"publisher\":{\"@id\":\"https:\\\/\\\/rivercruises.lv\\\/#organization\"},\"potentialAction\":[{\"@type\":\"SearchAction\",\"target\":{\"@type\":\"EntryPoint\",\"urlTemplate\":\"https:\\\/\\\/rivercruises.lv\\\/?s={search_term_string}\"},\"query-input\":{\"@type\":\"PropertyValueSpecification\",\"valueRequired\":true,\"valueName\":\"search_term_string\"}}],\"inLanguage\":\"ru-RU\"},{\"@type\":\"Organization\",\"@id\":\"https:\\\/\\\/rivercruises.lv\\\/#organization\",\"name\":\"SIA \\\"Jaun\u0101 Vecr\u012bga\\\"\",\"alternateName\":\"River Cruises Latvia\",\"url\":\"https:\\\/\\\/rivercruises.lv\\\/\",\"logo\":{\"@type\":\"ImageObject\",\"inLanguage\":\"ru-RU\",\"@id\":\"https:\\\/\\\/rivercruises.lv\\\/#\\\/schema\\\/logo\\\/image\\\/\",\"url\":\"https:\\\/\\\/rivercruises.lv\\\/wp-content\\\/uploads\\\/2025\\\/04\\\/New-RiverCruises-white-BG-1.jpg\",\"contentUrl\":\"https:\\\/\\\/rivercruises.lv\\\/wp-content\\\/uploads\\\/2025\\\/04\\\/New-RiverCruises-white-BG-1.jpg\",\"width\":850,\"height\":850,\"caption\":\"SIA \\\"Jaun\u0101 Vecr\u012bga\\\"\"},\"image\":{\"@id\":\"https:\\\/\\\/rivercruises.lv\\\/#\\\/schema\\\/logo\\\/image\\\/\"},\"sameAs\":[\"https:\\\/\\\/www.facebook.com\\\/RiverCruisesLatvia\",\"https:\\\/\\\/x.com\\\/RiverCruisesLV\",\"http:\\\/\\\/rivercruises.lv\\\/\",\"https:\\\/\\\/www.instagram.com\\\/rivercruises_latvia\\\/\",\"https:\\\/\\\/www.youtube.com\\\/channel\\\/UCr_CMDNcQ8tSAoDFwEt_HFA\"],\"description\":\"Boat trips in Riga and J\u016brmala\",\"email\":\"Jaunavecriga@knutstyle.lv\",\"telephone\":\"+371 29896138\",\"legalName\":\"SIA \\\"Jaun\u0101 Vecr\u012bga\\\"\",\"vatID\":\"LV50103633331\"}]}<\/script>\n<!-- \/ Yoast SEO Premium plugin. -->","yoast_head_json":{"title":"\u0410\u0420\u0415\u041d\u0414\u0410 \u041a\u041e\u0420\u0410\u0411\u041b\u0418\u041a\u041e\u0412 | River Cruises Latvia","description":"River Cruises Latvia \u043f\u0440\u0435\u0434\u043b\u0430\u0433\u0430\u0435\u0442 \u0436\u0438\u0432\u043e\u043f\u0438\u0441\u043d\u044b\u0435 \u043f\u0440\u043e\u0433\u0443\u043b\u043a\u0438 \u043d\u0430 \u043a\u043e\u0440\u0430\u0431\u043b\u0438\u043a\u0435 \u043f\u043e \u0414\u0430\u0443\u0433\u0430\u0432\u0435 \u0438 \u0420\u0438\u0436\u0441\u043a\u043e\u043c\u0443 \u0433\u043e\u0440\u043e\u0434\u0441\u043a\u043e\u043c\u0443 \u043a\u0430\u043d\u0430\u043b\u0443 \u0434\u043e \u041c\u0435\u0436\u0430\u043f\u0430\u0440\u043a\u0430 \u0438 \u042e\u0440\u043c\u0430\u043b\u044b.","robots":{"index":"index","follow":"follow","max-snippet":"max-snippet:-1","max-image-preview":"max-image-preview:large","max-video-preview":"max-video-preview:-1"},"canonical":"https:\/\/rivercruises.lv\/en\/boat-rent\/","og_locale":"ru_RU","og_type":"article","og_title":"\u0410\u0420\u0415\u041d\u0414\u0410 \u041a\u041e\u0420\u0410\u0411\u041b\u0418\u041a\u041e\u0412 | River Cruises Latvia","og_description":"River Cruises Latvia \u043f\u0440\u0435\u0434\u043b\u0430\u0433\u0430\u0435\u0442 \u0436\u0438\u0432\u043e\u043f\u0438\u0441\u043d\u044b\u0435 \u043f\u0440\u043e\u0433\u0443\u043b\u043a\u0438 \u043d\u0430 \u043a\u043e\u0440\u0430\u0431\u043b\u0438\u043a\u0435 \u043f\u043e \u0414\u0430\u0443\u0433\u0430\u0432\u0435 \u0438 \u0420\u0438\u0436\u0441\u043a\u043e\u043c\u0443 \u0433\u043e\u0440\u043e\u0434\u0441\u043a\u043e\u043c\u0443 \u043a\u0430\u043d\u0430\u043b\u0443 \u0434\u043e \u041c\u0435\u0436\u0430\u043f\u0430\u0440\u043a\u0430 \u0438 \u042e\u0440\u043c\u0430\u043b\u044b.","og_url":"https:\/\/rivercruises.lv\/en\/boat-rent\/","og_site_name":"River Cruises Latvia","article_publisher":"https:\/\/www.facebook.com\/RiverCruisesLatvia","article_modified_time":"2026-01-25T16:37:40+00:00","og_image":[{"width":700,"height":700,"url":"https:\/\/rivercruises.lv\/wp-content\/uploads\/2021\/06\/Cover-photo-kugu-noma-rus.png","type":"image\/png"}],"twitter_card":"summary_large_image","twitter_title":"\u0410\u0420\u0415\u041d\u0414\u0410 \u041a\u041e\u0420\u0410\u0411\u041b\u0418\u041a\u041e\u0412","twitter_site":"@RiverCruisesLV","schema":{"@context":"https:\/\/schema.org","@graph":[{"@type":"WebPage","@id":"https:\/\/rivercruises.lv\/en\/boat-rent\/","url":"https:\/\/rivercruises.lv\/en\/boat-rent\/","name":"\u0410\u0420\u0415\u041d\u0414\u0410 \u041a\u041e\u0420\u0410\u0411\u041b\u0418\u041a\u041e\u0412 | River Cruises Latvia","isPartOf":{"@id":"https:\/\/rivercruises.lv\/#website"},"primaryImageOfPage":{"@id":"https:\/\/rivercruises.lv\/en\/boat-rent\/#primaryimage"},"image":{"@id":"https:\/\/rivercruises.lv\/en\/boat-rent\/#primaryimage"},"thumbnailUrl":"https:\/\/rivercruises.lv\/wp-content\/uploads\/2021\/06\/Cover-photo-kugu-noma-rus.png","datePublished":"2021-06-13T17:50:18+00:00","dateModified":"2026-01-25T16:37:40+00:00","description":"River Cruises Latvia \u043f\u0440\u0435\u0434\u043b\u0430\u0433\u0430\u0435\u0442 \u0436\u0438\u0432\u043e\u043f\u0438\u0441\u043d\u044b\u0435 \u043f\u0440\u043e\u0433\u0443\u043b\u043a\u0438 \u043d\u0430 \u043a\u043e\u0440\u0430\u0431\u043b\u0438\u043a\u0435 \u043f\u043e \u0414\u0430\u0443\u0433\u0430\u0432\u0435 \u0438 \u0420\u0438\u0436\u0441\u043a\u043e\u043c\u0443 \u0433\u043e\u0440\u043e\u0434\u0441\u043a\u043e\u043c\u0443 \u043a\u0430\u043d\u0430\u043b\u0443 \u0434\u043e \u041c\u0435\u0436\u0430\u043f\u0430\u0440\u043a\u0430 \u0438 \u042e\u0440\u043c\u0430\u043b\u044b.","breadcrumb":{"@id":"https:\/\/rivercruises.lv\/en\/boat-rent\/#breadcrumb"},"inLanguage":"ru-RU","potentialAction":[{"@type":"ReadAction","target":["https:\/\/rivercruises.lv\/en\/boat-rent\/"]}]},{"@type":"ImageObject","inLanguage":"ru-RU","@id":"https:\/\/rivercruises.lv\/en\/boat-rent\/#primaryimage","url":"https:\/\/rivercruises.lv\/wp-content\/uploads\/2021\/06\/Cover-photo-kugu-noma-rus.png","contentUrl":"https:\/\/rivercruises.lv\/wp-content\/uploads\/2021\/06\/Cover-photo-kugu-noma-rus.png","width":700,"height":700,"caption":"\u0410\u0420\u0415\u041d\u0414\u0410 \u041a\u041e\u0420\u0410\u0411\u041b\u0418\u041a\u041e\u0412 | River Cruises Latvia"},{"@type":"BreadcrumbList","@id":"https:\/\/rivercruises.lv\/en\/boat-rent\/#breadcrumb","itemListElement":[{"@type":"ListItem","position":1,"name":"Home","item":"https:\/\/rivercruises.lv\/"},{"@type":"ListItem","position":2,"name":"\u0410\u0420\u0415\u041d\u0414\u0410 \u041a\u041e\u0420\u0410\u0411\u041b\u0418\u041a\u041e\u0412"}]},{"@type":"WebSite","@id":"https:\/\/rivercruises.lv\/#website","url":"https:\/\/rivercruises.lv\/","name":"River Cruises Latvia","description":"Ku\u0123\u012b\u0161i pa Daugavu, J\u016brmalu, Me\u017eaparku un R\u012bgas pils\u0113tas Kan\u0101lu","publisher":{"@id":"https:\/\/rivercruises.lv\/#organization"},"potentialAction":[{"@type":"SearchAction","target":{"@type":"EntryPoint","urlTemplate":"https:\/\/rivercruises.lv\/?s={search_term_string}"},"query-input":{"@type":"PropertyValueSpecification","valueRequired":true,"valueName":"search_term_string"}}],"inLanguage":"ru-RU"},{"@type":"Organization","@id":"https:\/\/rivercruises.lv\/#organization","name":"SIA \"Jaun\u0101 Vecr\u012bga\"","alternateName":"River Cruises Latvia","url":"https:\/\/rivercruises.lv\/","logo":{"@type":"ImageObject","inLanguage":"ru-RU","@id":"https:\/\/rivercruises.lv\/#\/schema\/logo\/image\/","url":"https:\/\/rivercruises.lv\/wp-content\/uploads\/2025\/04\/New-RiverCruises-white-BG-1.jpg","contentUrl":"https:\/\/rivercruises.lv\/wp-content\/uploads\/2025\/04\/New-RiverCruises-white-BG-1.jpg","width":850,"height":850,"caption":"SIA \"Jaun\u0101 Vecr\u012bga\""},"image":{"@id":"https:\/\/rivercruises.lv\/#\/schema\/logo\/image\/"},"sameAs":["https:\/\/www.facebook.com\/RiverCruisesLatvia","https:\/\/x.com\/RiverCruisesLV","http:\/\/rivercruises.lv\/","https:\/\/www.instagram.com\/rivercruises_latvia\/","https:\/\/www.youtube.com\/channel\/UCr_CMDNcQ8tSAoDFwEt_HFA"],"description":"Boat trips in Riga and J\u016brmala","email":"Jaunavecriga@knutstyle.lv","telephone":"+371 29896138","legalName":"SIA \"Jaun\u0101 Vecr\u012bga\"","vatID":"LV50103633331"}]}},"ticketed":["woo"],"_links":{"self":[{"href":"https:\/\/rivercruises.lv\/ru\/wp-json\/wp\/v2\/pages\/14924","targetHints":{"allow":["GET"]}}],"collection":[{"href":"https:\/\/rivercruises.lv\/ru\/wp-json\/wp\/v2\/pages"}],"about":[{"href":"https:\/\/rivercruises.lv\/ru\/wp-json\/wp\/v2\/types\/page"}],"author":[{"embeddable":true,"href":"https:\/\/rivercruises.lv\/ru\/wp-json\/wp\/v2\/users\/1001002"}],"replies":[{"embeddable":true,"href":"https:\/\/rivercruises.lv\/ru\/wp-json\/wp\/v2\/comments?post=14924"}],"version-history":[{"count":0,"href":"https:\/\/rivercruises.lv\/ru\/wp-json\/wp\/v2\/pages\/14924\/revisions"}],"wp:featuredmedia":[{"embeddable":true,"href":"https:\/\/rivercruises.lv\/ru\/wp-json\/wp\/v2\/media\/14937"}],"wp:attachment":[{"href":"https:\/\/rivercruises.lv\/ru\/wp-json\/wp\/v2\/media?parent=14924"}],"curies":[{"name":"wp","href":"https:\/\/api.w.org\/{rel}","templated":true}]}}