{"id":9292,"date":"2020-08-14T19:03:01","date_gmt":"2020-08-14T19:03:01","guid":{"rendered":"https:\/\/rivercruises.lv\/?page_id=9292"},"modified":"2020-08-25T14:21:36","modified_gmt":"2020-08-25T14:21:36","slug":"%d1%80%d0%b5%d0%b9%d1%81-%d0%bf%d0%b0%d0%bd%d0%be%d1%80%d0%b0%d0%bc%d1%8b-%d1%80%d0%b8%d0%b3%d0%b8-p%d0%b5%d0%b9%d1%81-%d0%bf%d0%b0%d0%bd%d0%be%d1%80%d0%b0%d0%bc%d1%8b-%d1%81%d1%82%d0%b0%d1%80%d0%be","status":"publish","type":"page","link":"https:\/\/rivercruises.lv\/ru\/%d1%80%d0%b5%d0%b9%d1%81-%d0%bf%d0%b0%d0%bd%d0%be%d1%80%d0%b0%d0%bc%d1%8b-%d1%80%d0%b8%d0%b3%d0%b8-p%d0%b5%d0%b9%d1%81-%d0%bf%d0%b0%d0%bd%d0%be%d1%80%d0%b0%d0%bc%d1%8b-%d1%81%d1%82%d0%b0%d1%80%d0%be\/","title":{"rendered":"\u0420\u0435\u0439\u0441 \u041f\u0430\u043d\u043e\u0440\u0430\u043c\u044b \u0420\u0438\u0433\u0438 + P\u0435\u0439\u0441 \u043f\u0430\u043d\u043e\u0440\u0430\u043c\u044b \u0421\u0442\u0430\u0440\u043e\u0433\u043e \u0433\u043e\u0440\u043e\u0434\u0430"},"content":{"rendered":"<p>[vc_row][vc_column width=&#187;1\/4&#8243; css=&#187;.vc_custom_1598352380006{padding-top: 2% !important;padding-right: 2% !important;padding-bottom: 2% !important;padding-left: 2% !important;background-position: center !important;background-repeat: no-repeat !important;background-size: cover !important;}&#187;][vc_btn title=&#187;\u0420\u0435\u0439\u0441 \u041f\u0430\u043d\u043e\u0440\u0430\u043c\u044b \u0420\u0438\u0433\u0438: \u0412\u0440\u0435\u043c\u044f \u0440\u0435\u0439\u0441\u0430 \u0438 \u043f\u0440\u0438\u0447\u0430\u043b&#187; style=&#187;outline-custom&#187; outline_custom_color=&#187;#334aff&#187; outline_custom_hover_background=&#187;#dd3333&#8243; outline_custom_hover_text=&#187;#ffffff&#187; align=&#187;center&#187; button_block=&#187;true&#187; link=&#187;url:https%3A%2F%2Frivercruises.lv%2Fru%2F%25d0%25bf%25d1%2580%25d0%25be%25d0%25b3%25d1%2583%25d0%25bb%25d0%25be%25d1%2587%25d0%25bd%25d1%258b%25d0%25b9-%25d0%25ba%25d0%25be%25d1%2580%25d0%25b0%25d0%25b1%25d0%25bb%25d0%25b8%25d0%25ba-vecriga%2F|title:%D0%92%D1%80%D0%B5%D0%BC%D1%8F%20%D1%80%D0%B5%D0%B9%D1%81%D0%B0%20%D0%B8%20%D0%BF%D1%80%D0%B8%D1%87%D0%B0%D0%BB|target:_blank&#187;][\/vc_column][vc_column width=&#187;1\/4&#8243; css=&#187;.vc_custom_1598352417639{padding-top: 2% !important;padding-right: 2% !important;padding-bottom: 2% !important;padding-left: 2% !important;}&#187;][vc_btn title=&#187;P\u0435\u0439\u0441 \u043f\u0430\u043d\u043e\u0440\u0430\u043c\u044b \u0421\u0442\u0430\u0440\u043e\u0433\u043e \u0433\u043e\u0440\u043e\u0434\u0430: \u0412\u0440\u0435\u043c\u044f \u0440\u0435\u0439\u0441\u0430 \u0438 \u043f\u0440\u0438\u0447\u0430\u043b&#187; style=&#187;outline-custom&#187; outline_custom_color=&#187;#334aff&#187; outline_custom_hover_background=&#187;#dd3333&#8243; outline_custom_hover_text=&#187;#ffffff&#187; align=&#187;center&#187; button_block=&#187;true&#187; link=&#187;url:https%3A%2F%2Frivercruises.lv%2Fru%2F%25d0%25ba%25d0%25be%25d1%2580%25d0%25b0%25d0%25b1%25d0%25bb%25d0%25b8%25d0%25ba-%25d0%25bf%25d0%25be-%25d1%2580%25d0%25b8%25d0%25b6%25d1%2581%25d0%25ba%25d0%25be%25d0%25bc%25d1%2583-%25d0%25ba%25d0%25b0%25d0%25bd%25d0%25b0%25d0%25bb%25d1%2583-%25d0%25b0mber-riga%2F|title:%D0%92%D1%80%D0%B5%D0%BC%D1%8F%20%D1%80%D0%B5%D0%B9%D1%81%D0%B0%20%D0%B8%20%D0%BF%D1%80%D0%B8%D1%87%D0%B0%D0%BB|target:_blank&#187;][\/vc_column][vc_column width=&#187;1\/4&#8243; css=&#187;.vc_custom_1598355060365{padding-top: 2% !important;padding-right: 2% !important;padding-bottom: 2% !important;padding-left: 2% !important;}&#187;][vc_btn title=&#187;\u0421\u0435\u0437\u043e\u043d 15.04.2020. &#8212; 15.10.2020.&#187; style=&#187;outline-custom&#187; outline_custom_color=&#187;#334aff&#187; outline_custom_hover_background=&#187;#dd3333&#8243; outline_custom_hover_text=&#187;#ffffff&#187; align=&#187;center&#187; button_block=&#187;true&#187;][\/vc_column][vc_column width=&#187;1\/4&#8243; css=&#187;.vc_custom_1598352407232{padding-top: 2% !important;padding-right: 2% !important;padding-bottom: 2% !important;padding-left: 2% !important;}&#187;][vc_btn title=&#187;\u041f\u0440\u0435\u0434\u044a\u044f\u0432\u0438\u0442\u0435 \u0431\u0438\u043b\u0435\u0442 \u0441 \u0442\u0435\u043b\u0435\u0444\u043e\u043d\u0430!&#187; style=&#187;outline-custom&#187; outline_custom_color=&#187;#334aff&#187; outline_custom_hover_background=&#187;#dd3333&#8243; outline_custom_hover_text=&#187;#ffffff&#187; align=&#187;center&#187; button_block=&#187;true&#187;][\/vc_column][\/vc_row][vc_row][vc_column css=&#187;.vc_custom_1598352461730{padding-top: 2% !important;padding-right: 2% !important;padding-bottom: 2% !important;padding-left: 2% !important;}&#187;][vc_column_text]<\/p>\n<p style=\"text-align: center;\"><strong>\u0411\u0438\u043b\u0435\u0442 \u0434\u0435\u0439\u0441\u0442\u0432\u0438\u0442\u0435\u043b\u0435\u043d 15 \u0434\u043d\u0435\u0439 \u0441 \u043c\u043e\u043c\u0435\u043d\u0442\u0430 \u043f\u043e\u043a\u0443\u043f\u043a\u0438!<\/strong><\/p>\n<p>[\/vc_column_text][\/vc_column][\/vc_row]<\/p>\n","protected":false},"excerpt":{"rendered":"<p>[vc_row][vc_column width=&#187;1\/4&#8243; css=&#187;.vc_custom_1598352380006{padding-top: 2% !important;padding-right: 2% !important;padding-bottom: 2% !important;padding-left: 2% !important;background-position: center !important;background-repeat: no-repeat !important;background-size: cover !important;}&#187;][vc_btn title=&#187;\u0420\u0435\u0439\u0441 \u041f\u0430\u043d\u043e\u0440\u0430\u043c\u044b \u0420\u0438\u0433\u0438: \u0412\u0440\u0435\u043c\u044f \u0440\u0435\u0439\u0441\u0430 \u0438 \u043f\u0440\u0438\u0447\u0430\u043b&#187; style=&#187;outline-custom&#187; outline_custom_color=&#187;#334aff&#187; outline_custom_hover_background=&#187;#dd3333&#8243; outline_custom_hover_text=&#187;#ffffff&#187; align=&#187;center&#187; button_block=&#187;true&#187; link=&#187;url:https%3A%2F%2Frivercruises.lv%2Fru%2F%25d0%25bf%25d1%2580%25d0%25be%25d0%25b3%25d1%2583%25d0%25bb%25d0%25be%25d1%2587%25d0%25bd%25d1%258b%25d0%25b9-%25d0%25ba%25d0%25be%25d1%2580%25d0%25b0%25d0%25b1%25d0%25bb%25d0%25b8%25d0%25ba-vecriga%2F|title:%D0%92%D1%80%D0%B5%D0%BC%D1%8F%20%D1%80%D0%B5%D0%B9%D1%81%D0%B0%20%D0%B8%20%D0%BF%D1%80%D0%B8%D1%87%D0%B0%D0%BB|target:_blank&#187;][\/vc_column][vc_column width=&#187;1\/4&#8243;&hellip;<\/p>\n","protected":false},"author":1001002,"featured_media":0,"parent":0,"menu_order":0,"comment_status":"closed","ping_status":"closed","template":"","meta":{"_monsterinsights_skip_tracking":false,"_monsterinsights_sitenote_active":false,"_monsterinsights_sitenote_note":"","_monsterinsights_sitenote_category":0,"_price":"","_stock":"","_tribe_ticket_header":"","_tribe_default_ticket_provider":"Tribe__Tickets_Plus__Commerce__WooCommerce__Main","_tribe_ticket_capacity":"0","_ticket_start_date":"","_ticket_end_date":"","_tribe_ticket_show_description":"","_tribe_ticket_show_not_going":false,"_tribe_ticket_use_global_stock":"","_tribe_ticket_global_stock_level":"","_global_stock_mode":"","_global_stock_cap":"","_tribe_rsvp_for_event":"","_tribe_ticket_going_count":"","_tribe_ticket_not_going_count":"","_tribe_tickets_list":"[]","_tribe_ticket_has_attendee_info_fields":false,"footnotes":"","_tec_slr_enabled":"","_tec_slr_layout":""},"class_list":["post-9292","page","type-page","status-publish","hentry"],"yoast_head":"<!-- This site is optimized with the Yoast SEO Premium plugin v27.3 (Yoast SEO v27.3) - https:\/\/yoast.com\/product\/yoast-seo-premium-wordpress\/ -->\n<title>\u0420\u0435\u0439\u0441 \u041f\u0430\u043d\u043e\u0440\u0430\u043c\u044b \u0420\u0438\u0433\u0438 + P\u0435\u0439\u0441 \u043f\u0430\u043d\u043e\u0440\u0430\u043c\u044b \u0421\u0442\u0430\u0440\u043e\u0433\u043e \u0433\u043e\u0440\u043e\u0434\u0430 - River Cruises Latvia<\/title>\n<meta name=\"robots\" content=\"index, follow, max-snippet:-1, max-image-preview:large, max-video-preview:-1\" \/>\n<link rel=\"canonical\" href=\"https:\/\/rivercruises.lv\/ru\/\u0440\u0435\u0439\u0441-\u043f\u0430\u043d\u043e\u0440\u0430\u043c\u044b-\u0440\u0438\u0433\u0438-p\u0435\u0439\u0441-\u043f\u0430\u043d\u043e\u0440\u0430\u043c\u044b-\u0441\u0442\u0430\u0440\u043e\/\" \/>\n<meta property=\"og:locale\" content=\"ru_RU\" \/>\n<meta property=\"og:type\" content=\"article\" \/>\n<meta property=\"og:title\" content=\"\u0420\u0435\u0439\u0441 \u041f\u0430\u043d\u043e\u0440\u0430\u043c\u044b \u0420\u0438\u0433\u0438 + P\u0435\u0439\u0441 \u043f\u0430\u043d\u043e\u0440\u0430\u043c\u044b \u0421\u0442\u0430\u0440\u043e\u0433\u043e \u0433\u043e\u0440\u043e\u0434\u0430\" \/>\n<meta property=\"og:description\" content=\"[vc_row][vc_column width=&#187;1\/4&#8243; css=&#187;.vc_custom_1598352380006{padding-top: 2% !important;padding-right: 2% !important;padding-bottom: 2% !important;padding-left: 2% !important;background-position: center !important;background-repeat: no-repeat !important;background-size: cover !important;}&#187;][vc_btn title=&#187;\u0420\u0435\u0439\u0441 \u041f\u0430\u043d\u043e\u0440\u0430\u043c\u044b \u0420\u0438\u0433\u0438: \u0412\u0440\u0435\u043c\u044f \u0440\u0435\u0439\u0441\u0430 \u0438 \u043f\u0440\u0438\u0447\u0430\u043b&#187; style=&#187;outline-custom&#187; outline_custom_color=&#187;#334aff&#187; outline_custom_hover_background=&#187;#dd3333&#8243; outline_custom_hover_text=&#187;#ffffff&#187; align=&#187;center&#187; button_block=&#187;true&#187; link=&#187;url:https%3A%2F%2Frivercruises.lv%2Fru%2F%25d0%25bf%25d1%2580%25d0%25be%25d0%25b3%25d1%2583%25d0%25bb%25d0%25be%25d1%2587%25d0%25bd%25d1%258b%25d0%25b9-%25d0%25ba%25d0%25be%25d1%2580%25d0%25b0%25d0%25b1%25d0%25bb%25d0%25b8%25d0%25ba-vecriga%2F|title:%D0%92%D1%80%D0%B5%D0%BC%D1%8F%20%D1%80%D0%B5%D0%B9%D1%81%D0%B0%20%D0%B8%20%D0%BF%D1%80%D0%B8%D1%87%D0%B0%D0%BB|target:_blank&#187;][\/vc_column][vc_column width=&#187;1\/4&#8243;&hellip;\" \/>\n<meta property=\"og:url\" content=\"https:\/\/rivercruises.lv\/ru\/\u0440\u0435\u0439\u0441-\u043f\u0430\u043d\u043e\u0440\u0430\u043c\u044b-\u0440\u0438\u0433\u0438-p\u0435\u0439\u0441-\u043f\u0430\u043d\u043e\u0440\u0430\u043c\u044b-\u0441\u0442\u0430\u0440\u043e\/\" \/>\n<meta property=\"og:site_name\" content=\"River Cruises Latvia\" \/>\n<meta property=\"article:publisher\" content=\"https:\/\/www.facebook.com\/RiverCruisesLatvia\" \/>\n<meta property=\"article:modified_time\" content=\"2020-08-25T14:21:36+00:00\" \/>\n<meta property=\"og:image\" content=\"https:\/\/rivercruises.lv\/wp-content\/uploads\/2021\/05\/River-Cruises-e-biletes-majaslapai-slaiderim-eng.jpg\" \/>\n\t<meta property=\"og:image:width\" content=\"1920\" \/>\n\t<meta property=\"og:image:height\" content=\"1080\" \/>\n\t<meta property=\"og:image:type\" content=\"image\/jpeg\" \/>\n<meta name=\"twitter:card\" content=\"summary_large_image\" \/>\n<meta name=\"twitter:site\" content=\"@RiverCruisesLV\" \/>\n<meta name=\"twitter:label1\" content=\"\u041f\u0440\u0438\u043c\u0435\u0440\u043d\u043e\u0435 \u0432\u0440\u0435\u043c\u044f \u0434\u043b\u044f \u0447\u0442\u0435\u043d\u0438\u044f\" \/>\n\t<meta name=\"twitter:data1\" content=\"2 \u043c\u0438\u043d\u0443\u0442\u044b\" \/>\n<script type=\"application\/ld+json\" class=\"yoast-schema-graph\">{\"@context\":\"https:\\\/\\\/schema.org\",\"@graph\":[{\"@type\":\"WebPage\",\"@id\":\"https:\\\/\\\/rivercruises.lv\\\/ru\\\/%d1%80%d0%b5%d0%b9%d1%81-%d0%bf%d0%b0%d0%bd%d0%be%d1%80%d0%b0%d0%bc%d1%8b-%d1%80%d0%b8%d0%b3%d0%b8-p%d0%b5%d0%b9%d1%81-%d0%bf%d0%b0%d0%bd%d0%be%d1%80%d0%b0%d0%bc%d1%8b-%d1%81%d1%82%d0%b0%d1%80%d0%be\\\/\",\"url\":\"https:\\\/\\\/rivercruises.lv\\\/ru\\\/%d1%80%d0%b5%d0%b9%d1%81-%d0%bf%d0%b0%d0%bd%d0%be%d1%80%d0%b0%d0%bc%d1%8b-%d1%80%d0%b8%d0%b3%d0%b8-p%d0%b5%d0%b9%d1%81-%d0%bf%d0%b0%d0%bd%d0%be%d1%80%d0%b0%d0%bc%d1%8b-%d1%81%d1%82%d0%b0%d1%80%d0%be\\\/\",\"name\":\"\u0420\u0435\u0439\u0441 \u041f\u0430\u043d\u043e\u0440\u0430\u043c\u044b \u0420\u0438\u0433\u0438 + P\u0435\u0439\u0441 \u043f\u0430\u043d\u043e\u0440\u0430\u043c\u044b \u0421\u0442\u0430\u0440\u043e\u0433\u043e \u0433\u043e\u0440\u043e\u0434\u0430 - River Cruises Latvia\",\"isPartOf\":{\"@id\":\"https:\\\/\\\/rivercruises.lv\\\/#website\"},\"datePublished\":\"2020-08-14T19:03:01+00:00\",\"dateModified\":\"2020-08-25T14:21:36+00:00\",\"breadcrumb\":{\"@id\":\"https:\\\/\\\/rivercruises.lv\\\/ru\\\/%d1%80%d0%b5%d0%b9%d1%81-%d0%bf%d0%b0%d0%bd%d0%be%d1%80%d0%b0%d0%bc%d1%8b-%d1%80%d0%b8%d0%b3%d0%b8-p%d0%b5%d0%b9%d1%81-%d0%bf%d0%b0%d0%bd%d0%be%d1%80%d0%b0%d0%bc%d1%8b-%d1%81%d1%82%d0%b0%d1%80%d0%be\\\/#breadcrumb\"},\"inLanguage\":\"ru-RU\",\"potentialAction\":[{\"@type\":\"ReadAction\",\"target\":[\"https:\\\/\\\/rivercruises.lv\\\/ru\\\/%d1%80%d0%b5%d0%b9%d1%81-%d0%bf%d0%b0%d0%bd%d0%be%d1%80%d0%b0%d0%bc%d1%8b-%d1%80%d0%b8%d0%b3%d0%b8-p%d0%b5%d0%b9%d1%81-%d0%bf%d0%b0%d0%bd%d0%be%d1%80%d0%b0%d0%bc%d1%8b-%d1%81%d1%82%d0%b0%d1%80%d0%be\\\/\"]}]},{\"@type\":\"BreadcrumbList\",\"@id\":\"https:\\\/\\\/rivercruises.lv\\\/ru\\\/%d1%80%d0%b5%d0%b9%d1%81-%d0%bf%d0%b0%d0%bd%d0%be%d1%80%d0%b0%d0%bc%d1%8b-%d1%80%d0%b8%d0%b3%d0%b8-p%d0%b5%d0%b9%d1%81-%d0%bf%d0%b0%d0%bd%d0%be%d1%80%d0%b0%d0%bc%d1%8b-%d1%81%d1%82%d0%b0%d1%80%d0%be\\\/#breadcrumb\",\"itemListElement\":[{\"@type\":\"ListItem\",\"position\":1,\"name\":\"Home\",\"item\":\"https:\\\/\\\/rivercruises.lv\\\/\"},{\"@type\":\"ListItem\",\"position\":2,\"name\":\"\u0420\u0435\u0439\u0441 \u041f\u0430\u043d\u043e\u0440\u0430\u043c\u044b \u0420\u0438\u0433\u0438 + P\u0435\u0439\u0441 \u043f\u0430\u043d\u043e\u0440\u0430\u043c\u044b \u0421\u0442\u0430\u0440\u043e\u0433\u043e \u0433\u043e\u0440\u043e\u0434\u0430\"}]},{\"@type\":\"WebSite\",\"@id\":\"https:\\\/\\\/rivercruises.lv\\\/#website\",\"url\":\"https:\\\/\\\/rivercruises.lv\\\/\",\"name\":\"River Cruises Latvia\",\"description\":\"Ku\u0123\u012b\u0161i pa Daugavu, J\u016brmalu, Me\u017eaparku un R\u012bgas pils\u0113tas Kan\u0101lu\",\"publisher\":{\"@id\":\"https:\\\/\\\/rivercruises.lv\\\/#organization\"},\"potentialAction\":[{\"@type\":\"SearchAction\",\"target\":{\"@type\":\"EntryPoint\",\"urlTemplate\":\"https:\\\/\\\/rivercruises.lv\\\/?s={search_term_string}\"},\"query-input\":{\"@type\":\"PropertyValueSpecification\",\"valueRequired\":true,\"valueName\":\"search_term_string\"}}],\"inLanguage\":\"ru-RU\"},{\"@type\":\"Organization\",\"@id\":\"https:\\\/\\\/rivercruises.lv\\\/#organization\",\"name\":\"SIA \\\"Jaun\u0101 Vecr\u012bga\\\"\",\"alternateName\":\"River Cruises Latvia\",\"url\":\"https:\\\/\\\/rivercruises.lv\\\/\",\"logo\":{\"@type\":\"ImageObject\",\"inLanguage\":\"ru-RU\",\"@id\":\"https:\\\/\\\/rivercruises.lv\\\/#\\\/schema\\\/logo\\\/image\\\/\",\"url\":\"https:\\\/\\\/rivercruises.lv\\\/wp-content\\\/uploads\\\/2025\\\/04\\\/New-RiverCruises-white-BG-1.jpg\",\"contentUrl\":\"https:\\\/\\\/rivercruises.lv\\\/wp-content\\\/uploads\\\/2025\\\/04\\\/New-RiverCruises-white-BG-1.jpg\",\"width\":850,\"height\":850,\"caption\":\"SIA \\\"Jaun\u0101 Vecr\u012bga\\\"\"},\"image\":{\"@id\":\"https:\\\/\\\/rivercruises.lv\\\/#\\\/schema\\\/logo\\\/image\\\/\"},\"sameAs\":[\"https:\\\/\\\/www.facebook.com\\\/RiverCruisesLatvia\",\"https:\\\/\\\/x.com\\\/RiverCruisesLV\",\"http:\\\/\\\/rivercruises.lv\\\/\",\"https:\\\/\\\/www.instagram.com\\\/rivercruises_latvia\\\/\",\"https:\\\/\\\/www.youtube.com\\\/channel\\\/UCr_CMDNcQ8tSAoDFwEt_HFA\"],\"description\":\"Boat trips in Riga and J\u016brmala\",\"email\":\"Jaunavecriga@knutstyle.lv\",\"telephone\":\"+371 29896138\",\"legalName\":\"SIA \\\"Jaun\u0101 Vecr\u012bga\\\"\",\"vatID\":\"LV50103633331\"}]}<\/script>\n<!-- \/ Yoast SEO Premium plugin. -->","yoast_head_json":{"title":"\u0420\u0435\u0439\u0441 \u041f\u0430\u043d\u043e\u0440\u0430\u043c\u044b \u0420\u0438\u0433\u0438 + P\u0435\u0439\u0441 \u043f\u0430\u043d\u043e\u0440\u0430\u043c\u044b \u0421\u0442\u0430\u0440\u043e\u0433\u043e \u0433\u043e\u0440\u043e\u0434\u0430 - River Cruises Latvia","robots":{"index":"index","follow":"follow","max-snippet":"max-snippet:-1","max-image-preview":"max-image-preview:large","max-video-preview":"max-video-preview:-1"},"canonical":"https:\/\/rivercruises.lv\/ru\/\u0440\u0435\u0439\u0441-\u043f\u0430\u043d\u043e\u0440\u0430\u043c\u044b-\u0440\u0438\u0433\u0438-p\u0435\u0439\u0441-\u043f\u0430\u043d\u043e\u0440\u0430\u043c\u044b-\u0441\u0442\u0430\u0440\u043e\/","og_locale":"ru_RU","og_type":"article","og_title":"\u0420\u0435\u0439\u0441 \u041f\u0430\u043d\u043e\u0440\u0430\u043c\u044b \u0420\u0438\u0433\u0438 + P\u0435\u0439\u0441 \u043f\u0430\u043d\u043e\u0440\u0430\u043c\u044b \u0421\u0442\u0430\u0440\u043e\u0433\u043e \u0433\u043e\u0440\u043e\u0434\u0430","og_description":"[vc_row][vc_column width=&#187;1\/4&#8243; css=&#187;.vc_custom_1598352380006{padding-top: 2% !important;padding-right: 2% !important;padding-bottom: 2% !important;padding-left: 2% !important;background-position: center !important;background-repeat: no-repeat !important;background-size: cover !important;}&#187;][vc_btn title=&#187;\u0420\u0435\u0439\u0441 \u041f\u0430\u043d\u043e\u0440\u0430\u043c\u044b \u0420\u0438\u0433\u0438: \u0412\u0440\u0435\u043c\u044f \u0440\u0435\u0439\u0441\u0430 \u0438 \u043f\u0440\u0438\u0447\u0430\u043b&#187; style=&#187;outline-custom&#187; outline_custom_color=&#187;#334aff&#187; outline_custom_hover_background=&#187;#dd3333&#8243; outline_custom_hover_text=&#187;#ffffff&#187; align=&#187;center&#187; button_block=&#187;true&#187; link=&#187;url:https%3A%2F%2Frivercruises.lv%2Fru%2F%25d0%25bf%25d1%2580%25d0%25be%25d0%25b3%25d1%2583%25d0%25bb%25d0%25be%25d1%2587%25d0%25bd%25d1%258b%25d0%25b9-%25d0%25ba%25d0%25be%25d1%2580%25d0%25b0%25d0%25b1%25d0%25bb%25d0%25b8%25d0%25ba-vecriga%2F|title:%D0%92%D1%80%D0%B5%D0%BC%D1%8F%20%D1%80%D0%B5%D0%B9%D1%81%D0%B0%20%D0%B8%20%D0%BF%D1%80%D0%B8%D1%87%D0%B0%D0%BB|target:_blank&#187;][\/vc_column][vc_column width=&#187;1\/4&#8243;&hellip;","og_url":"https:\/\/rivercruises.lv\/ru\/\u0440\u0435\u0439\u0441-\u043f\u0430\u043d\u043e\u0440\u0430\u043c\u044b-\u0440\u0438\u0433\u0438-p\u0435\u0439\u0441-\u043f\u0430\u043d\u043e\u0440\u0430\u043c\u044b-\u0441\u0442\u0430\u0440\u043e\/","og_site_name":"River Cruises Latvia","article_publisher":"https:\/\/www.facebook.com\/RiverCruisesLatvia","article_modified_time":"2020-08-25T14:21:36+00:00","og_image":[{"width":1920,"height":1080,"url":"https:\/\/rivercruises.lv\/wp-content\/uploads\/2021\/05\/River-Cruises-e-biletes-majaslapai-slaiderim-eng.jpg","type":"image\/jpeg"}],"twitter_card":"summary_large_image","twitter_site":"@RiverCruisesLV","twitter_misc":{"\u041f\u0440\u0438\u043c\u0435\u0440\u043d\u043e\u0435 \u0432\u0440\u0435\u043c\u044f \u0434\u043b\u044f \u0447\u0442\u0435\u043d\u0438\u044f":"2 \u043c\u0438\u043d\u0443\u0442\u044b"},"schema":{"@context":"https:\/\/schema.org","@graph":[{"@type":"WebPage","@id":"https:\/\/rivercruises.lv\/ru\/%d1%80%d0%b5%d0%b9%d1%81-%d0%bf%d0%b0%d0%bd%d0%be%d1%80%d0%b0%d0%bc%d1%8b-%d1%80%d0%b8%d0%b3%d0%b8-p%d0%b5%d0%b9%d1%81-%d0%bf%d0%b0%d0%bd%d0%be%d1%80%d0%b0%d0%bc%d1%8b-%d1%81%d1%82%d0%b0%d1%80%d0%be\/","url":"https:\/\/rivercruises.lv\/ru\/%d1%80%d0%b5%d0%b9%d1%81-%d0%bf%d0%b0%d0%bd%d0%be%d1%80%d0%b0%d0%bc%d1%8b-%d1%80%d0%b8%d0%b3%d0%b8-p%d0%b5%d0%b9%d1%81-%d0%bf%d0%b0%d0%bd%d0%be%d1%80%d0%b0%d0%bc%d1%8b-%d1%81%d1%82%d0%b0%d1%80%d0%be\/","name":"\u0420\u0435\u0439\u0441 \u041f\u0430\u043d\u043e\u0440\u0430\u043c\u044b \u0420\u0438\u0433\u0438 + P\u0435\u0439\u0441 \u043f\u0430\u043d\u043e\u0440\u0430\u043c\u044b \u0421\u0442\u0430\u0440\u043e\u0433\u043e \u0433\u043e\u0440\u043e\u0434\u0430 - River Cruises Latvia","isPartOf":{"@id":"https:\/\/rivercruises.lv\/#website"},"datePublished":"2020-08-14T19:03:01+00:00","dateModified":"2020-08-25T14:21:36+00:00","breadcrumb":{"@id":"https:\/\/rivercruises.lv\/ru\/%d1%80%d0%b5%d0%b9%d1%81-%d0%bf%d0%b0%d0%bd%d0%be%d1%80%d0%b0%d0%bc%d1%8b-%d1%80%d0%b8%d0%b3%d0%b8-p%d0%b5%d0%b9%d1%81-%d0%bf%d0%b0%d0%bd%d0%be%d1%80%d0%b0%d0%bc%d1%8b-%d1%81%d1%82%d0%b0%d1%80%d0%be\/#breadcrumb"},"inLanguage":"ru-RU","potentialAction":[{"@type":"ReadAction","target":["https:\/\/rivercruises.lv\/ru\/%d1%80%d0%b5%d0%b9%d1%81-%d0%bf%d0%b0%d0%bd%d0%be%d1%80%d0%b0%d0%bc%d1%8b-%d1%80%d0%b8%d0%b3%d0%b8-p%d0%b5%d0%b9%d1%81-%d0%bf%d0%b0%d0%bd%d0%be%d1%80%d0%b0%d0%bc%d1%8b-%d1%81%d1%82%d0%b0%d1%80%d0%be\/"]}]},{"@type":"BreadcrumbList","@id":"https:\/\/rivercruises.lv\/ru\/%d1%80%d0%b5%d0%b9%d1%81-%d0%bf%d0%b0%d0%bd%d0%be%d1%80%d0%b0%d0%bc%d1%8b-%d1%80%d0%b8%d0%b3%d0%b8-p%d0%b5%d0%b9%d1%81-%d0%bf%d0%b0%d0%bd%d0%be%d1%80%d0%b0%d0%bc%d1%8b-%d1%81%d1%82%d0%b0%d1%80%d0%be\/#breadcrumb","itemListElement":[{"@type":"ListItem","position":1,"name":"Home","item":"https:\/\/rivercruises.lv\/"},{"@type":"ListItem","position":2,"name":"\u0420\u0435\u0439\u0441 \u041f\u0430\u043d\u043e\u0440\u0430\u043c\u044b \u0420\u0438\u0433\u0438 + P\u0435\u0439\u0441 \u043f\u0430\u043d\u043e\u0440\u0430\u043c\u044b \u0421\u0442\u0430\u0440\u043e\u0433\u043e \u0433\u043e\u0440\u043e\u0434\u0430"}]},{"@type":"WebSite","@id":"https:\/\/rivercruises.lv\/#website","url":"https:\/\/rivercruises.lv\/","name":"River Cruises Latvia","description":"Ku\u0123\u012b\u0161i pa Daugavu, J\u016brmalu, Me\u017eaparku un R\u012bgas pils\u0113tas Kan\u0101lu","publisher":{"@id":"https:\/\/rivercruises.lv\/#organization"},"potentialAction":[{"@type":"SearchAction","target":{"@type":"EntryPoint","urlTemplate":"https:\/\/rivercruises.lv\/?s={search_term_string}"},"query-input":{"@type":"PropertyValueSpecification","valueRequired":true,"valueName":"search_term_string"}}],"inLanguage":"ru-RU"},{"@type":"Organization","@id":"https:\/\/rivercruises.lv\/#organization","name":"SIA \"Jaun\u0101 Vecr\u012bga\"","alternateName":"River Cruises Latvia","url":"https:\/\/rivercruises.lv\/","logo":{"@type":"ImageObject","inLanguage":"ru-RU","@id":"https:\/\/rivercruises.lv\/#\/schema\/logo\/image\/","url":"https:\/\/rivercruises.lv\/wp-content\/uploads\/2025\/04\/New-RiverCruises-white-BG-1.jpg","contentUrl":"https:\/\/rivercruises.lv\/wp-content\/uploads\/2025\/04\/New-RiverCruises-white-BG-1.jpg","width":850,"height":850,"caption":"SIA \"Jaun\u0101 Vecr\u012bga\""},"image":{"@id":"https:\/\/rivercruises.lv\/#\/schema\/logo\/image\/"},"sameAs":["https:\/\/www.facebook.com\/RiverCruisesLatvia","https:\/\/x.com\/RiverCruisesLV","http:\/\/rivercruises.lv\/","https:\/\/www.instagram.com\/rivercruises_latvia\/","https:\/\/www.youtube.com\/channel\/UCr_CMDNcQ8tSAoDFwEt_HFA"],"description":"Boat trips in Riga and J\u016brmala","email":"Jaunavecriga@knutstyle.lv","telephone":"+371 29896138","legalName":"SIA \"Jaun\u0101 Vecr\u012bga\"","vatID":"LV50103633331"}]}},"ticketed":false,"_links":{"self":[{"href":"https:\/\/rivercruises.lv\/ru\/wp-json\/wp\/v2\/pages\/9292","targetHints":{"allow":["GET"]}}],"collection":[{"href":"https:\/\/rivercruises.lv\/ru\/wp-json\/wp\/v2\/pages"}],"about":[{"href":"https:\/\/rivercruises.lv\/ru\/wp-json\/wp\/v2\/types\/page"}],"author":[{"embeddable":true,"href":"https:\/\/rivercruises.lv\/ru\/wp-json\/wp\/v2\/users\/1001002"}],"replies":[{"embeddable":true,"href":"https:\/\/rivercruises.lv\/ru\/wp-json\/wp\/v2\/comments?post=9292"}],"version-history":[{"count":0,"href":"https:\/\/rivercruises.lv\/ru\/wp-json\/wp\/v2\/pages\/9292\/revisions"}],"wp:attachment":[{"href":"https:\/\/rivercruises.lv\/ru\/wp-json\/wp\/v2\/media?parent=9292"}],"curies":[{"name":"wp","href":"https:\/\/api.w.org\/{rel}","templated":true}]}}